{"id":9569,"date":"2023-09-28T17:45:22","date_gmt":"2023-09-28T17:45:22","guid":{"rendered":"https:\/\/mexplorer-dmc.com\/?page_id=9569"},"modified":"2023-09-28T19:19:34","modified_gmt":"2023-09-28T19:19:34","slug":"avis-de-confidentialite","status":"publish","type":"page","link":"https:\/\/mexplorer-dmc.com\/en\/avis-de-confidentialite\/","title":{"rendered":"Privacy policy"},"content":{"rendered":"<div data-elementor-type=\"wp-page\" data-elementor-id=\"9569\" class=\"elementor elementor-9569\">\n\t\t\t\t\t\t\t\t\t<section class=\"elementor-section elementor-top-section elementor-element elementor-element-f72256d elementor-section-boxed elementor-section-height-default elementor-section-height-default qodef-elementor-content-no\" data-id=\"f72256d\" data-element_type=\"section\" data-settings=\"{&quot;background_background&quot;:&quot;classic&quot;}\">\n\t\t\t\t\t\t<div class=\"elementor-container elementor-column-gap-default\">\n\t\t\t\t\t<div class=\"elementor-column elementor-col-100 elementor-top-column elementor-element elementor-element-d424ab7\" data-id=\"d424ab7\" data-element_type=\"column\">\n\t\t\t<div class=\"elementor-widget-wrap elementor-element-populated\">\n\t\t\t\t\t\t\t\t<div class=\"elementor-element elementor-element-b7af8b2 1,2 elementor-widget elementor-widget-heading\" data-id=\"b7af8b2\" data-element_type=\"widget\" data-widget_type=\"heading.default\">\n\t\t\t\t<div class=\"elementor-widget-container\">\n\t\t\t<style>\/*! elementor - v3.18.0 - 20-12-2023 *\/\n.elementor-heading-title{padding:0;margin:0;line-height:1}.elementor-widget-heading .elementor-heading-title[class*=elementor-size-]>a{color:inherit;font-size:inherit;line-height:inherit}.elementor-widget-heading .elementor-heading-title.elementor-size-small{font-size:15px}.elementor-widget-heading .elementor-heading-title.elementor-size-medium{font-size:19px}.elementor-widget-heading .elementor-heading-title.elementor-size-large{font-size:29px}.elementor-widget-heading .elementor-heading-title.elementor-size-xl{font-size:39px}.elementor-widget-heading .elementor-heading-title.elementor-size-xxl{font-size:59px}<\/style><h2 class=\"elementor-heading-title elementor-size-default\"><i>Privacy policy<\/i><\/h2>\t\t<\/div>\n\t\t\t\t<\/div>\n\t\t\t\t\t<\/div>\n\t\t<\/div>\n\t\t\t\t\t\t\t<\/div>\n\t\t<\/section>\n\t\t\t\t<section class=\"elementor-section elementor-top-section elementor-element elementor-element-65005c3 elementor-section-boxed elementor-section-height-default elementor-section-height-default qodef-elementor-content-no\" data-id=\"65005c3\" data-element_type=\"section\">\n\t\t\t\t\t\t<div class=\"elementor-container elementor-column-gap-default\">\n\t\t\t\t\t<div class=\"elementor-column elementor-col-100 elementor-top-column elementor-element elementor-element-d130c16\" data-id=\"d130c16\" data-element_type=\"column\">\n\t\t\t<div class=\"elementor-widget-wrap elementor-element-populated\">\n\t\t\t\t\t\t\t\t<div class=\"elementor-element elementor-element-08716d0 elementor-widget elementor-widget-text-editor\" data-id=\"08716d0\" data-element_type=\"widget\" data-widget_type=\"text-editor.default\">\n\t\t\t\t<div class=\"elementor-widget-container\">\n\t\t\t<style>\/*! elementor - v3.18.0 - 20-12-2023 *\/\n.elementor-widget-text-editor.elementor-drop-cap-view-stacked .elementor-drop-cap{background-color:#69727d;color:#fff}.elementor-widget-text-editor.elementor-drop-cap-view-framed .elementor-drop-cap{color:#69727d;border:3px solid;background-color:transparent}.elementor-widget-text-editor:not(.elementor-drop-cap-view-default) .elementor-drop-cap{margin-top:8px}.elementor-widget-text-editor:not(.elementor-drop-cap-view-default) .elementor-drop-cap-letter{width:1em;height:1em}.elementor-widget-text-editor .elementor-drop-cap{float:left;text-align:center;line-height:1;font-size:50px}.elementor-widget-text-editor .elementor-drop-cap-letter{display:inline-block}<\/style>\t\t\t\t<h5 class=\"p1\"><span class=\"s1\">Responsible for protecting your personal data<span class=\"Apple-converted-space\">&nbsp;<\/span><\/span><\/h5>\n<p class=\"p1\"><span class=\"s1\">MEMON TRAVEL, S. DE R.L. DE C.V. located Calle 20 No. 98\u00aa Int. 1 x 15 y 17 Col. Itzimna CP 97100 M\u00e9rida, Yucat\u00e1n, M\u00e9xico; is responsible for processing your personal data. You can contact us by e-mail or in person. Our agency can help you during working days and hours at the above address, or at administracion@mexplorer-dmc.com.<\/span><span class=\"s2\">&nbsp;<\/span><\/p>\n<h5 class=\"p1\"><span class=\"s1\">Objectifs de la conservation et de l&rsquo;utilisation des donn\u00e9es \u00e0 caract\u00e8re personnel <span class=\"Apple-converted-space\">&nbsp;<\/span><\/span><\/h5>\n<p class=\"p1\"><span class=\"s1\">Les donn\u00e9es \u00e0 caract\u00e8re personnel seront utilis\u00e9es aux fins suivantes :<\/span><\/p>\n<p>-Fournir les services et\/ou produits achet\u00e9s.<br>-Informer des changements ou des nouveaux produits et\/ou services li\u00e9s \u00e0 ceux qui ont \u00e9t\u00e9 contract\u00e9s ou acquis par le titulaire.<br>-Respecter les obligations contract\u00e9es avec nos clients.<br>-\u00c9valuer la qualit\u00e9 du service.<br>-\u00c9tablir des factures pour les produits ou services contract\u00e9s.<br>-Envoi de publicit\u00e9s pertinentes de notre part ou de la part de tiers.<span class=\"s1\">&nbsp;<\/span><\/p>\n<h5 class=\"p1\"><span class=\"s1\">Identification des donn\u00e9es \u00e0 caract\u00e8re personnel et origine<span class=\"Apple-converted-space\">&nbsp;<\/span><\/span><\/h5>\n<p class=\"p1\"><span class=\"s1\">Pour les besoins d\u00e9crits dans le pr\u00e9sent avis de confidentialit\u00e9, nous pouvons recueillir vos donn\u00e9es \u00e0 caract\u00e8re personnel lorsque vous nous les fournissez directement, lorsque vous visitez notre site web ou que vous utilisez nos services en ligne. Ainsi, les donn\u00e9es personnelles sont recueillies directement.<\/span><\/p>\n<p>Nous recueillons directement vos donn\u00e9es personnelles lorsque vous nous les fournissez vous-m\u00eame par divers moyens, par exemple lorsque vous vous inscrivez sur notre site rubrique contact ou newsletter ou que vous nous fournissez des informations afin que nous puissions vous fournir un service. Les informations que nous collectons de cette mani\u00e8re peuvent inclure, sans s&rsquo;y limiter : votre nom, votre sexe et votre date de naissance, ou le nom de votre entreprise ; votre adresse \u00e9lectronique et\/ou votre num\u00e9ro de t\u00e9l\u00e9phone ; votre (vos) adresse(s) de livraison et\/ou de facturation.<br>Les donn\u00e9es personnelles que nous recueillons lorsque vous visitez notre site web ou utilisez nos services en ligne : votre nom ; votre adresse \u00e9lectronique ;<\/p>\n<h5 class=\"p1\"><span class=\"s1\">Consentement<\/span><\/h5>\n<p class=\"p1\"><span class=\"s1\">Le titulaire consentira au traitement de ses donn\u00e9es personnelles, s&rsquo;il n&rsquo;exprime pas son refus \u00e0 cet effet, par l&rsquo;interm\u00e9diaire des liens de contact mentionn\u00e9s dans le pr\u00e9sent avis de confidentialit\u00e9.<\/span><span class=\"s1\">&nbsp;<\/span><\/p>\n<h5 class=\"p1\"><span class=\"s1\">Proc\u00e9dure de limitation de l&rsquo;utilisation ou de la divulgation de vos donn\u00e9es personnelles<\/span><\/h5>\n<p class=\"p1\"><span class=\"s1\">Le titulaire peut demander \u00e0 MEMON TRAVEL S. DE R.L. DE C.V. de ne plus recevoir de messages promotionnels par courrier \u00e9lectronique, t\u00e9l\u00e9phone portable et autres moyens autoris\u00e9s par la loi, en suivant la proc\u00e9dure \u00e9tablie \u00e0 cet effet, qui est \u00e9nonc\u00e9e comme suit :<\/span><\/p>\n<p>1) La demande doit contenir :<span class=\"Apple-converted-space\">&nbsp;<\/span><\/p>\n<p><span class=\"s1\">a. Le nom du titulaire, l&rsquo;adresse et l&rsquo;adresse \u00e9lectronique pour communiquer la r\u00e9ponse \u00e0 la demande.<span class=\"Apple-converted-space\">&nbsp;<\/span><\/span><\/p>\n<p><span class=\"s1\">b. Les documents prouvant l&rsquo;identit\u00e9 ou, le cas \u00e9ch\u00e9ant, la repr\u00e9sentation l\u00e9gale du titulaire.<span class=\"Apple-converted-space\">&nbsp;<\/span><\/span><\/p>\n<p><span class=\"s1\">c. La description des donn\u00e9es \u00e0 caract\u00e8re personnel dont le titulaire souhaite limiter l&rsquo;utilisation ou la divulgation. <\/span><\/p>\n<p><span class=\"s1\"><span class=\"Apple-converted-space\">d. <\/span><\/span><span class=\"s1\"><span class=\"s1\">Tout autre \u00e9l\u00e9ment ou document facilitant la localisation des donn\u00e9es \u00e0 caract\u00e8re personnel correspondantes.<\/span><\/span><\/p>\n<p>2) La demande doit \u00eatre envoy\u00e9e \u00e0 MEMON TRAVEL S. DE R.L. DE C.V., par l&rsquo;un des moyens de communication \u00e9num\u00e9r\u00e9s dans le pr\u00e9sent avis de confidentialit\u00e9 comme liens de contact.<\/p>\n<p>3) Une fois re\u00e7ue la demande de limitation de l&rsquo;utilisation ou de la divulgation des donn\u00e9es personnelles, MEMON TRAVEL S. DE R.L. DE C.V. disposera d&rsquo;un d\u00e9lai maximum de quinze jours ouvrables pour r\u00e9pondre \u00e0 la demande en question, qui prendra effet dans un d\u00e9lai maximum de dix jours ouvrables, \u00e0 compter de la date \u00e0 laquelle la r\u00e9ponse a \u00e9t\u00e9 communiqu\u00e9e au titulaire de la demande.<\/p>\n<h5 class=\"p1\"><span class=\"s1\">Droits ARCO<\/span><\/h5>\n<p class=\"p1\"><span class=\"s1\">Toute question concernant le pr\u00e9sent avis, vos donn\u00e9es \u00e0 caract\u00e8re personnel et leur traitement, ou la mani\u00e8re d&rsquo;exercer les droits d\u00e9crits ci-dessous, peut \u00eatre adress\u00e9e \u00e0 nos services de contact d\u00e9crits dans le pr\u00e9sent avis sur la protection de la vie priv\u00e9e. Vous aurez acc\u00e8s \u00e0 tout moment \u00e0 vos donn\u00e9es personnelles et\/ou sensibles, soit pour en demander la rectification, l&rsquo;annulation ou l&rsquo;opposition, soit pour r\u00e9voquer votre consentement, conform\u00e9ment aux dispositions de la loi mexicaine (les \u00ab\u00a0droits ARCO\u00a0\u00bb), sous forme \u00e9crite ou \u00e9lectronique, par le biais de la proc\u00e9dure que vous trouverez ici. Si le responsable du traitement doit utiliser vos donn\u00e9es personnelles \u00e0 des fins autres que celles indiqu\u00e9es dans le pr\u00e9sent avis de confidentialit\u00e9, il vous contactera par \u00e9crit, par t\u00e9l\u00e9phone, par voie \u00e9lectronique ou par tout moyen optique, audio, visuel ou autre que la technologie permet aujourd&rsquo;hui ou \u00e0 l&rsquo;avenir et vous expliquera les nouvelles utilisations qu&rsquo;il entend donner \u00e0 ces informations afin d&rsquo;obtenir votre consentement.<\/span><\/p>\n<p>Dans le cas de donn\u00e9es sensibles, vous devez fournir au responsable du traitement votre consentement \u00e9crit expr\u00e8s pour la r\u00e9ception et le traitement de ces donn\u00e9es, au moyen de votre signature autographique, de votre signature \u00e9lectronique ou de tout autre m\u00e9canisme d&rsquo;authentification \u00e9tabli \u00e0 cet effet. Plus d\u2019infos sur: <a href=\"https:\/\/edomex.gob.mx\/consulta_sarcoem\">https:\/\/edomex.gob.mx\/consulta_sarcoem<\/a><\/p>\n<h5 class=\"p1\"><span class=\"s1\">Proc\u00e9dure de r\u00e9vocation du consentement au traitement des donn\u00e9es personnelles<\/span><\/h5>\n<p class=\"p1\"><span class=\"s1\">Le titulaire peut demander \u00e0 MEMON TRAVEL S. DE R.L. DE C.V. la r\u00e9vocation du consentement accord\u00e9 pour le traitement des donn\u00e9es personnelles, afin de cesser de les utiliser, en suivant la proc\u00e9dure \u00e9tablie \u00e0 cet effet, qui est d\u00e9crite ci-dessous :<\/span><\/p>\n<p>1) La demande doit contenir :<\/p>\n<p>a) Le nom du titulaire, l&rsquo;adresse et l&rsquo;adresse \u00e9lectronique pour la communication de la r\u00e9ponse \u00e0 sa demande.<\/p>\n<p>b) Les documents prouvant l&rsquo;identit\u00e9 ou, le cas \u00e9ch\u00e9ant, la repr\u00e9sentation l\u00e9gale du titulaire.<\/p>\n<p>c) La description des donn\u00e9es \u00e0 caract\u00e8re personnel dont il souhaite limiter l&rsquo;utilisation ou la divulgation.<\/p>\n<p>d) Tout autre \u00e9l\u00e9ment ou document facilitant la localisation des donn\u00e9es \u00e0 caract\u00e8re personnel correspondantes.<\/p>\n<p>2) La demande doit \u00eatre envoy\u00e9e \u00e0 MEMON TRAVEL S. DE R.L. DE C.V., par l&rsquo;un des moyens de communication \u00e9num\u00e9r\u00e9s dans le pr\u00e9sent avis de confidentialit\u00e9 en tant que liens de contact.<\/p>\n<p>3) Une fois re\u00e7ue la demande de limitation de l&rsquo;utilisation ou de la divulgation des donn\u00e9es personnelles, MEMON TRAVEL S. DE R.L. DE C.V. disposera d&rsquo;un d\u00e9lai maximum de quinze jours ouvrables pour r\u00e9soudre la demande de m\u00e9rite ; celle-ci prendra effet dans un d\u00e9lai maximum de dix jours ouvrables, \u00e0 compter de la date \u00e0 laquelle la r\u00e9ponse a \u00e9t\u00e9 communiqu\u00e9e au titulaire.<span class=\"s2\">&nbsp;<\/span><\/p>\n<h5 class=\"p1\"><span class=\"s1\">Transfert de donn\u00e9es personnelles<\/span><\/h5>\n<p class=\"p1\"><span class=\"s1\">MEMON TRAVEL S. DE R.L. DE C.V. ne transf\u00e9rera pas vos donn\u00e9es personnelles sans votre consentement, bien qu&rsquo;elle puisse les utiliser \u00e0 des fins qui d\u00e9pendent de tiers, telles que les statistiques et l&rsquo;envoi de bulletins d&rsquo;information, sans qu&rsquo;il y ait transfert de ces donn\u00e9es.<\/span><\/p>\n<h5 class=\"p1\"><span class=\"s1\">Modifications de l&rsquo;avis de confidentialit\u00e9<span class=\"Apple-converted-space\">&nbsp;<\/span><\/span><\/h5>\n<p class=\"p1\"><span class=\"s1\">MEMON TRAVEL S. DE R.L. DE C.V. se r\u00e9serve le droit d&rsquo;apporter \u00e0 tout moment des modifications ou des mises \u00e0 jour au pr\u00e9sent avis de confidentialit\u00e9, en fonction de la nouvelle l\u00e9gislation, des politiques internes ou des nouvelles exigences relatives \u00e0 la fourniture ou \u00e0 l&rsquo;offre de nos services ou produits.<\/span><\/p>\n<p>Ces modifications seront mises \u00e0 la disposition du public par les moyens suivants :<\/p>\n<p>Sur notre site web (rubrique Avis de confidentialit\u00e9) et\/ou Par le biais du dernier courriel enregistr\u00e9 des d\u00e9tenteurs de donn\u00e9es personnelles.<\/p>\n<h5 class=\"p1\"><span class=\"s1\">Utilisation de cookies et de pixels invisibles<span class=\"Apple-converted-space\">&nbsp;<\/span><\/span><\/h5>\n<p class=\"p1\"><span class=\"s1\">Les cookies sont des fichiers texte qui sont automatiquement t\u00e9l\u00e9charg\u00e9s et stock\u00e9s sur le disque dur de l&rsquo;ordinateur de l&rsquo;utilisateur lorsqu&rsquo;il navigue sur une page Internet sp\u00e9cifique, ce qui permet au serveur Internet de se souvenir de certaines donn\u00e9es concernant cet utilisateur, notamment ses pr\u00e9f\u00e9rences en mati\u00e8re de consultation des pages de ce serveur, son nom et son mot de passe. Les pixels invisibles sont des images int\u00e9gr\u00e9es dans une page Internet ou un courrier \u00e9lectronique, qui peuvent \u00eatre utilis\u00e9es pour surveiller le comportement d&rsquo;un visiteur, par exemple en stockant des informations sur l&rsquo;adresse IP de l&rsquo;utilisateur, la dur\u00e9e d&rsquo;interaction sur cette page et le type de navigateur utilis\u00e9, entre autres. En outre, lorsque vous visitez un site Internet, votre navigateur envoie au serveur de ce site des informations qui peuvent \u00eatre stock\u00e9es principalement \u00e0 des fins statistiques. Nous vous informons que nous utilisons des cookies et que nous stockons automatiquement des informations personnelles vous concernant dans les journaux de notre serveur, telles que les suivantes :<\/span><\/p>\n<h5 class=\"p1\"><span class=\"s1\">Adresse IP<\/span><\/h5>\n<p class=\"p1\"><span class=\"s1\">Votre type de navigateur et votre syst\u00e8me d&rsquo;exploitation.<br>La pr\u00e9sence ou non de logiciels tels que java script ou flash.<br>Le site que vous avez visit\u00e9 avant d&rsquo;arriver sur notre site.<br>Les liens que vous suivez.<br>Vos pr\u00e9f\u00e9rences de lecture sur notre site, telles que la taille de la police ou le nombre de colonnes.<\/span><\/p>\n<p class=\"p1\"><span class=\"s1\">&nbsp;<\/span><\/p>\n<p class=\"p1\"><span class=\"s1\">Notre site web contient des publicit\u00e9s qui peuvent envoyer des cookies de nos clients. Certains services que nous proposons, tels que les interfaces avec Twitter et Facebook, envoient leurs propres cookies. Nous utilisons Google Analytics comme outil statistique, qui stocke des cookies lui permettant de compiler une analyse de votre utilisation de notre site web, dont les informations sont envoy\u00e9es \u00e0 Google.<\/span><\/p>\n<p>Ces cookies et autres technologies peuvent \u00eatre d\u00e9sactiv\u00e9s. Pour savoir comment proc\u00e9der, veuillez consulter les liens suivants :<\/p>\n<p>Pour Internet Explorer, <a href=\"http:\/\/windows.microsoft.com\/es-MX\/windows-vista\/Block-or-allow-cookies\">http:\/\/windows.microsoft.com\/es-MX\/windows-vista\/Block-or-allow-cookies<span class=\"Apple-converted-space\">&nbsp;<\/span><\/a><\/p>\n<p class=\"p1\"><span class=\"s1\">Pour Mozilla Firefox, <a href=\"http:\/\/support.mozilla.com\/es\/kb\/Bloquear%20cookies?s=bloquear+cookies&amp;as=s\">http:\/\/support.mozilla.com\/es\/kb\/Bloquear%20cookies?s=bloquear+cookies&amp;as=s<\/a><br><\/span><\/p>\n<p class=\"p1\"><span class=\"s1\">Para Google Chrome, <a href=\"https:\/\/support.google.com\/accounts\/answer\/61416?hl=es-419\">https:\/\/support.google.com\/accounts\/answer\/61416?hl=es-419<\/a><b><br><\/b><\/span><\/p>\n<h5 class=\"p1\"><span class=\"s1\">R\u00e9clamations et d\u00e9nonciations pour le traitement inappropri\u00e9 de vos donn\u00e9es personnelles<span class=\"Apple-converted-space\">&nbsp;<\/span><\/span><\/h5>\n<p class=\"p1\"><span class=\"s1\">Si vous consid\u00e9rez que votre droit \u00e0 la protection des donn\u00e9es personnelles a \u00e9t\u00e9 l\u00e9s\u00e9 par un comportement de nos employ\u00e9s ou par nos actions ou r\u00e9ponses, vous pouvez d\u00e9poser la r\u00e9clamation ou la d\u00e9nonciation correspondante aupr\u00e8s de l&rsquo;IFAI, pour plus d&rsquo;informations, visitez le site www.ifai.org.mx.<\/span><\/p>\n<p class=\"p1\"><span class=\"s1\">MEMON TRAVEL S. DE R.L. DE C.V. Tous droits r\u00e9serv\u00e9s 2023.<br>Calle 20 #98\u00aa Int. 1 x 15 y 17 Col. Itzimna 97100 M\u00e9rida, Yuc. Mexique.<br>Site web: www.mexplorer-dmc.com<br>T\u00e9l\u00e9phone: +52 (999) 926 00 39<br>Email: administracion@mexplorer-dmc.com<\/span><\/p>\t\t\t\t\t\t<\/div>\n\t\t\t\t<\/div>\n\t\t\t\t\t<\/div>\n\t\t<\/div>\n\t\t\t\t\t\t\t<\/div>\n\t\t<\/section>\n\t\t\t\t\t\t\t<\/div>","protected":false},"excerpt":{"rendered":"<p>Avis de confidentialit\u00e9 Responsable de la protection de vos donn\u00e9es personnelles&nbsp; MEMON TRAVEL, S. DE R.L. DE C.V. situ\u00e9e Calle 20 No. 98\u00aa Int. 1 x 15 y 17 Col. Itzimna CP 97100 M\u00e9rida, Yucat\u00e1n, M\u00e9xico ; est responsable du traitement de vos donn\u00e9es personnelles. Vous pouvez nous contacter par courrier \u00e9lectronique ou en personne. [&hellip;]<\/p>","protected":false},"author":1,"featured_media":0,"parent":0,"menu_order":0,"comment_status":"closed","ping_status":"closed","template":"","meta":{"footnotes":""},"class_list":["post-9569","page","type-page","status-publish","hentry"],"_links":{"self":[{"href":"https:\/\/mexplorer-dmc.com\/en\/wp-json\/wp\/v2\/pages\/9569","targetHints":{"allow":["GET"]}}],"collection":[{"href":"https:\/\/mexplorer-dmc.com\/en\/wp-json\/wp\/v2\/pages"}],"about":[{"href":"https:\/\/mexplorer-dmc.com\/en\/wp-json\/wp\/v2\/types\/page"}],"author":[{"embeddable":true,"href":"https:\/\/mexplorer-dmc.com\/en\/wp-json\/wp\/v2\/users\/1"}],"replies":[{"embeddable":true,"href":"https:\/\/mexplorer-dmc.com\/en\/wp-json\/wp\/v2\/comments?post=9569"}],"version-history":[{"count":52,"href":"https:\/\/mexplorer-dmc.com\/en\/wp-json\/wp\/v2\/pages\/9569\/revisions"}],"predecessor-version":[{"id":9623,"href":"https:\/\/mexplorer-dmc.com\/en\/wp-json\/wp\/v2\/pages\/9569\/revisions\/9623"}],"wp:attachment":[{"href":"https:\/\/mexplorer-dmc.com\/en\/wp-json\/wp\/v2\/media?parent=9569"}],"curies":[{"name":"wp","href":"https:\/\/api.w.org\/{rel}","templated":true}]}}