{"id":9149,"date":"2023-07-05T18:57:54","date_gmt":"2023-07-05T18:57:54","guid":{"rendered":"https:\/\/mexplorer-dmc.com\/?page_id=9149"},"modified":"2023-09-29T02:35:03","modified_gmt":"2023-09-29T02:35:03","slug":"faq","status":"publish","type":"page","link":"https:\/\/mexplorer-dmc.com\/es\/preguntas-frecuentes\/","title":{"rendered":"Preguntas Frecuentes"},"content":{"rendered":"<div data-elementor-type=\"wp-page\" data-elementor-id=\"9149\" class=\"elementor elementor-9149\">\n\t\t\t\t\t\t\t\t\t<section class=\"elementor-section elementor-top-section elementor-element elementor-element-f72256d elementor-section-boxed elementor-section-height-default elementor-section-height-default qodef-elementor-content-no\" data-id=\"f72256d\" data-element_type=\"section\" data-settings=\"{&quot;background_background&quot;:&quot;classic&quot;}\">\n\t\t\t\t\t\t<div class=\"elementor-container elementor-column-gap-default\">\n\t\t\t\t\t<div class=\"elementor-column elementor-col-100 elementor-top-column elementor-element elementor-element-d424ab7\" data-id=\"d424ab7\" data-element_type=\"column\">\n\t\t\t<div class=\"elementor-widget-wrap elementor-element-populated\">\n\t\t\t\t\t\t\t\t<div class=\"elementor-element elementor-element-b7af8b2 1,2 elementor-widget elementor-widget-heading\" data-id=\"b7af8b2\" data-element_type=\"widget\" data-widget_type=\"heading.default\">\n\t\t\t\t<div class=\"elementor-widget-container\">\n\t\t\t<style>\/*! elementor - v3.18.0 - 20-12-2023 *\/\n.elementor-heading-title{padding:0;margin:0;line-height:1}.elementor-widget-heading .elementor-heading-title[class*=elementor-size-]>a{color:inherit;font-size:inherit;line-height:inherit}.elementor-widget-heading .elementor-heading-title.elementor-size-small{font-size:15px}.elementor-widget-heading .elementor-heading-title.elementor-size-medium{font-size:19px}.elementor-widget-heading .elementor-heading-title.elementor-size-large{font-size:29px}.elementor-widget-heading .elementor-heading-title.elementor-size-xl{font-size:39px}.elementor-widget-heading .elementor-heading-title.elementor-size-xxl{font-size:59px}<\/style><h2 class=\"elementor-heading-title elementor-size-default\"><i>Preguntas Frecuentes<\/i><\/h2>\t\t<\/div>\n\t\t\t\t<\/div>\n\t\t\t\t\t<\/div>\n\t\t<\/div>\n\t\t\t\t\t\t\t<\/div>\n\t\t<\/section>\n\t\t\t\t<section class=\"elementor-section elementor-top-section elementor-element elementor-element-65005c3 elementor-section-boxed elementor-section-height-default elementor-section-height-default qodef-elementor-content-no\" data-id=\"65005c3\" data-element_type=\"section\">\n\t\t\t\t\t\t<div class=\"elementor-container elementor-column-gap-default\">\n\t\t\t\t\t<div class=\"elementor-column elementor-col-100 elementor-top-column elementor-element elementor-element-d130c16\" data-id=\"d130c16\" data-element_type=\"column\">\n\t\t\t<div class=\"elementor-widget-wrap elementor-element-populated\">\n\t\t\t\t\t\t\t\t<div class=\"elementor-element elementor-element-08716d0 elementor-widget elementor-widget-text-editor\" data-id=\"08716d0\" data-element_type=\"widget\" data-widget_type=\"text-editor.default\">\n\t\t\t\t<div class=\"elementor-widget-container\">\n\t\t\t<style>\/*! elementor - v3.18.0 - 20-12-2023 *\/\n.elementor-widget-text-editor.elementor-drop-cap-view-stacked .elementor-drop-cap{background-color:#69727d;color:#fff}.elementor-widget-text-editor.elementor-drop-cap-view-framed .elementor-drop-cap{color:#69727d;border:3px solid;background-color:transparent}.elementor-widget-text-editor:not(.elementor-drop-cap-view-default) .elementor-drop-cap{margin-top:8px}.elementor-widget-text-editor:not(.elementor-drop-cap-view-default) .elementor-drop-cap-letter{width:1em;height:1em}.elementor-widget-text-editor .elementor-drop-cap{float:left;text-align:center;line-height:1;font-size:50px}.elementor-widget-text-editor .elementor-drop-cap-letter{display:inline-block}<\/style>\t\t\t\t<h5><span class=\"s1\">1. \u00bfQu\u00e9 documentos necesito para entrar en M\u00e9xico?<\/span><\/h5>\n<p class=\"p3\"><span class=\"s2\">Para entrar a M\u00e9xico, debe presentar los siguientes documentos:<\/span><\/p>\n<p><span class=\"s2\"><strong> 1. Un pasaporte<\/strong> (o documento de viaje). Debe tener una vigencia igual a la de la estancia; no obstante, el Instituto Nacional de Migraci\u00f3n puede solicitar que tenga una vigencia de seis meses, por ejemplo, una vez finalizada la estancia.<\/span><\/p>\n<p class=\"p3\"><span class=\"s2\"><strong> 2.<\/strong> En el punto de entrada, los funcionarios de migraci\u00f3n pueden solicitar <strong>documentos adicionales<\/strong> seg\u00fan el motivo del viaje.<\/span><\/p>\n<ul>\n<li class=\"p3\"><span class=\"s2\"><strong>Turismo<\/strong> reservas de hotel, billetes de avi\u00f3n de ida y vuelta.<\/span><\/li>\n<li><span class=\"s2\"><strong>Negocios\/empresas<\/strong> : lettre en espagnol de l\u2019entreprise \u00e9trang\u00e8re pr\u00e9cisant que vous \u00eates son employ\u00e9 et que vous ne percevrez pas de salaire de la part d\u2019une entreprise mexicaine.<\/span><\/li>\n<li class=\"p3\"><span class=\"s2\"><strong>Estudiantes<\/strong> : carta de invitaci\u00f3n o aceptaci\u00f3n de una instituci\u00f3n educativa mexicana para seguir cursos o estudios, proyectos de investigaci\u00f3n o formaci\u00f3n acad\u00e9mica por un m\u00e1ximo de 180 d\u00edas.<\/span><\/li>\n<\/ul>\n<p class=\"p3\"><em><span class=\"s2\">&nbsp;<\/span><span class=\"s2\">Fuentes: CONSULMEX. (n.d.). Questions Fr\u00e9quentes Mexique. Consulmex.sre.gob.mx. <a href=\"https:\/\/consulmex.sre.gob.mx\/francia\/index.php\/fr\/voyager-au-mexique\/2-consulado\/253-questions-frequentes-2\">https:\/\/consulmex.sre.gob.mx\/francia\/index.php\/fr\/voyager-au-mexique\/2-consulado\/253-questions-frequentes-2<\/a><span class=\"Apple-converted-space\">&nbsp;<\/span><\/span><\/em><\/p>\n<p class=\"p3\"><span class=\"s2\">&nbsp;<\/span><\/p>\n<h5 class=\"p3\"><span class=\"s2\">2. \u00bfNecesito visa para viajar a M\u00e9xico?<\/span><\/h5>\n<p class=\"p3\"><span class=\"s2\">Toda persona que desee permanecer en M\u00e9xico m\u00e1s de 180 d\u00edas, independientemente de su nacionalidad, debe solicitar una visa. El tipo de visa que se solicite debe ser relacionado con las actividades que se vayan a realizar en M\u00e9xico.<br>Toda persona que reciba una remuneraci\u00f3n en M\u00e9xico, independientemente de la duraci\u00f3n de su viaje o de su nacionalidad, debe solicitar una visa de trabajo.<\/span><\/p>\n<p class=\"p3\"><span class=\"s2\">Si su nacionalidad figura en la lista, deber\u00e1 solicitar una visa.<\/span><\/p>\n<p class=\"p3\"><span class=\"s2\">&nbsp;<\/span><\/p>\n<p class=\"p3\"><span class=\"s2\">Fuente: CONSULMEX. (n.d.). <i>Questions Fr\u00e9quentes Mexique<\/i>. Consulmex.sre.gob.mx. <a href=\"https:\/\/consulmex.sre.gob.mx\/francia\/index.php\/fr\/voyager-au-mexique\/2-consulado\/253-questions-frequentes-2\">https:\/\/consulmex.sre.gob.mx\/francia\/index.php\/fr\/voyager-au-mexique\/2-consulado\/253-questions-frequentes-2<\/a><span class=\"Apple-converted-space\">&nbsp;<\/span><\/span><\/p>\n<p class=\"p3\"><span class=\"s2\">&nbsp;<\/span><\/p>\n<h5 class=\"p3\"><span class=\"s2\">3. \u00bfCu\u00e1ndo es el mejor momento para ir a M\u00e9xico?<\/span><\/h5>\n<p class=\"p3\"><span class=\"s2\">Entre septiembre y abril es un periodo perfecto si quiere evitar el calor extremo.<\/span><\/p>\n<p class=\"p3\"><span class=\"s2\">&nbsp;<\/span><\/p>\n<h5 class=\"p3\"><span class=\"s2\">4. \u00bfPuedo alquilar y conducir un coche en M\u00e9xico con lisencia francesa?<\/span><\/h5>\n<p class=\"p3\"><span class=\"s2\">S\u00ed, por supuesto. Su permiso de conducir debe ser v\u00e1lido y debe disponer de una tarjeta de cr\u00e9dito. Tenga en cuenta que Las tarjetas de cr\u00e9dito\/d\u00e9bito NO SON V\u00c1LIDAS en M\u00e9xico. La tarjeta de cr\u00e9dito no debe tener la palabra \"d\u00e9bito\" escrita en el pl\u00e1stico.<span class=\"Apple-converted-space\">&nbsp;<\/span><\/span><\/p>\n<p class=\"p3\"><span class=\"s2\">&nbsp;<\/span><\/p>\n<h5 class=\"p3\"><span class=\"s2\">5. \u00bfY la seguridad en M\u00e9xico?<\/span><\/h5>\n<p class=\"p3\"><span class=\"s2\">La seguridad en M\u00e9xico es un tema complejo de resumir. Si bien es cierto que algunos lugares no son recomendados por la diplomacia francesa, los sitios que recomendamos son seguros y velan por la seguridad de los turistas. En Mexplorer, velamos por su seguridad supervisando su viaje por tel\u00e9fono las 24 horas del d\u00eda, los 7 d\u00edas de la semana, y envi\u00e1ndole consejos y documentos que puedan ayudarle en caso de necesidad.<\/span><\/p>\n<p class=\"p3\"><span class=\"s2\">A continuaci\u00f3n le damos algunas recomendaciones para evitarle sorpresas desagradables:<\/span><\/p>\n<p class=\"p3\"><span class=\"s2\"><strong> 1.<\/strong> Evite exponer objetos de gran valor o grandes cantidades de dinero a la vista del p\u00fablico.<\/span><\/p>\n<p class=\"p3\"><span class=\"s2\"><strong> 2.<\/strong> No tener m\u00e1s de 50 euros en efectivo por persona y d\u00eda.<\/span><\/p>\n<p class=\"p3\"><span class=\"s2\"><strong> 3.<\/strong> Haga copias de sus documentos oficiales de identidad, comprobantes y documentos enviados por su organismo.<\/span><\/p>\n<p class=\"p3\"><span class=\"s2\"><strong> 4.<\/strong> Evite caminar solo de noche y por zonas remotas.<span class=\"Apple-converted-space\">&nbsp;<\/span><\/span><\/p>\n<p class=\"p3\"><span class=\"s2\"><strong> 5.<\/strong> Vigile siempre sus pertenencias (mochilas, maletas, etc.).<span class=\"Apple-converted-space\">&nbsp;<\/span><\/span><\/p>\n<p class=\"p3\"><span class=\"s2\">Si sigue estas normas b\u00e1sicas, que se aplican en muchos pa\u00edses, incluido Francia, deber\u00eda estar tranquilo durante todo su viaje.<\/span><\/p>\n<p class=\"p3\"><span class=\"s2\">&nbsp;<\/span><\/p>\n<h5 class=\"p3\"><span class=\"s2\">6. \u00bfD\u00f3nde puedo conseguir una tarjeta SIM para mi tel\u00e9fono m\u00f3vil?<\/span><\/h5>\n<p class=\"p3\"><span class=\"s2\">Puedes comprar una tarjeta SIM en la tienda OXXO, pero te recomendamos que la compres antes que pagar por un GPS que no siempre est\u00e1 actualizado.<span class=\"Apple-converted-space\">&nbsp;<\/span><\/span><\/p>\n<p class=\"p3\"><span class=\"s2\">&nbsp;<\/span><\/p>\n<h5 class=\"p3\"><span class=\"s2\">7. \u00bfEs obligatorio dejar propina?<\/span><\/h5>\n<p class=\"p3\"><span class=\"s2\">Muchos mexicanos viven de las propinas, sobre todo en pueblos como Calakmul y Chich\u00e9n Itz\u00e1.<span class=\"Apple-converted-space\">&nbsp;<\/span><\/span><\/p>\n<p class=\"p3\"><span class=\"s2\">En los restaurantes, la propina depende del grado de satisfacci\u00f3n con el servicio recibido. Te recomendamos que sigas este baremo:<\/span><\/p>\n<ul>\n<li><span class=\"s2\">Menos del 10% : <b>Servicio de mala calidad<\/b><\/span><\/li>\n<li class=\"p3\"><span class=\"s2\">10 % : Servicio correcto<\/span><\/li>\n<li class=\"p3\"><span class=\"s2\">15% : Buen servicio<\/span><\/li>\n<li class=\"p3\"><span class=\"s6\">&nbsp;<\/span><span class=\"s2\">M\u00e1s de 15% : Excelente servicio<\/span><\/li>\n<\/ul>\n<p class=\"p3\"><span class=\"s2\">Tambi\u00e9n es costumbre dejar propina en otras situaciones, como en la gasolinera al repostar (unos 10 pesos), en el hotel si un agente le ayuda a llevar las maletas o si alguien le ayuda a hacer la compra o a aparcar en el supermercado (entre 10 y 15 pesos), o para las camareras despu\u00e9s de limpiar la habitaci\u00f3n del hotel (entre 30 y 50 pesos). Por \u00faltimo, cuando vaya de excursi\u00f3n, no dude en dejar una propina a su gu\u00eda o conductor, en funci\u00f3n del servicio que haya recibido.<span class=\"Apple-converted-space\">&nbsp;<\/span><\/span><\/p>\n<p class=\"p3\"><span class=\"s2\">&nbsp;<\/span><\/p>\n<h5 class=\"p3\"><span class=\"s2\">8. \u00bfQu\u00e9 debo hacer si me para la polic\u00eda?<span class=\"Apple-converted-space\">&nbsp;<\/span><\/span><\/h5>\n<p class=\"p3\"><span class=\"s2\">En primer lugar, no te preocupes, estate tranquilo y danos el documento compartido en tu grupo de WhatsApp. No hables espa\u00f1ol ni ingl\u00e9s y ll\u00e1manos inmediatamente, seremos tu traductor y hablaremos con la persona que te ha detenido. Si has cometido una infracci\u00f3n, te diremos d\u00f3nde debes pagar para que te quiten las placas del coche. En M\u00e9xico, el procedimiento para obtener una infracci\u00f3n es diferente al de Europa. Estamos aqu\u00ed para informarle de todos estos choques culturales.<span class=\"Apple-converted-space\">&nbsp;<\/span><\/span><\/p>\t\t\t\t\t\t<\/div>\n\t\t\t\t<\/div>\n\t\t\t\t\t<\/div>\n\t\t<\/div>\n\t\t\t\t\t\t\t<\/div>\n\t\t<\/section>\n\t\t\t\t\t\t\t<\/div>","protected":false},"excerpt":{"rendered":"<p>F.A.Q. 1. Quels sont les documents n\u00e9cessaires \u00e0 l\u2019entr\u00e9e au Mexique ? L\u2019 entr\u00e9e sur le territoire mexicain se fait sur pr\u00e9sentation des pi\u00e8ces suivantes : 1. un passeport (ou document de voyage) en cours de validit\u00e9. La dur\u00e9e de validit\u00e9 doit \u00eatre \u00e9gale \u00e0 celle du s\u00e9jour ; cependant, l\u2019Instituto Nacional de Migraci\u00f3n peut [&hellip;]<\/p>","protected":false},"author":1,"featured_media":0,"parent":0,"menu_order":0,"comment_status":"closed","ping_status":"closed","template":"","meta":{"footnotes":""},"class_list":["post-9149","page","type-page","status-publish","hentry"],"_links":{"self":[{"href":"https:\/\/mexplorer-dmc.com\/es\/wp-json\/wp\/v2\/pages\/9149","targetHints":{"allow":["GET"]}}],"collection":[{"href":"https:\/\/mexplorer-dmc.com\/es\/wp-json\/wp\/v2\/pages"}],"about":[{"href":"https:\/\/mexplorer-dmc.com\/es\/wp-json\/wp\/v2\/types\/page"}],"author":[{"embeddable":true,"href":"https:\/\/mexplorer-dmc.com\/es\/wp-json\/wp\/v2\/users\/1"}],"replies":[{"embeddable":true,"href":"https:\/\/mexplorer-dmc.com\/es\/wp-json\/wp\/v2\/comments?post=9149"}],"version-history":[{"count":57,"href":"https:\/\/mexplorer-dmc.com\/es\/wp-json\/wp\/v2\/pages\/9149\/revisions"}],"predecessor-version":[{"id":9630,"href":"https:\/\/mexplorer-dmc.com\/es\/wp-json\/wp\/v2\/pages\/9149\/revisions\/9630"}],"wp:attachment":[{"href":"https:\/\/mexplorer-dmc.com\/es\/wp-json\/wp\/v2\/media?parent=9149"}],"curies":[{"name":"wp","href":"https:\/\/api.w.org\/{rel}","templated":true}]}}