{"id":3106,"date":"2022-03-07T14:14:12","date_gmt":"2022-03-07T14:14:12","guid":{"rendered":"https:\/\/chalet.qodeinteractive.com\/?page_id=3106"},"modified":"2023-10-04T19:11:12","modified_gmt":"2023-10-04T19:11:12","slug":"destinations","status":"publish","type":"page","link":"https:\/\/mexplorer-dmc.com\/fr\/destinations\/","title":{"rendered":"Nos Destinations"},"content":{"rendered":"\t\t<div data-elementor-type=\"wp-page\" data-elementor-id=\"3106\" class=\"elementor elementor-3106\">\n\t\t\t\t\t\t\t\t\t<section class=\"elementor-section elementor-top-section elementor-element elementor-element-5d6789d elementor-section-boxed elementor-section-height-default elementor-section-height-default qodef-elementor-content-no\" data-id=\"5d6789d\" data-element_type=\"section\" data-settings=\"{&quot;background_background&quot;:&quot;classic&quot;}\">\n\t\t\t\t\t\t<div class=\"elementor-container elementor-column-gap-default\">\n\t\t\t\t\t<div class=\"elementor-column elementor-col-100 elementor-top-column elementor-element elementor-element-0a5060a\" data-id=\"0a5060a\" data-element_type=\"column\">\n\t\t\t<div class=\"elementor-widget-wrap elementor-element-populated\">\n\t\t\t\t\t\t\t\t<div class=\"elementor-element elementor-element-90d8030 1,2 elementor-widget elementor-widget-heading\" data-id=\"90d8030\" data-element_type=\"widget\" data-widget_type=\"heading.default\">\n\t\t\t\t<div class=\"elementor-widget-container\">\n\t\t\t<style>\/*! elementor - v3.18.0 - 20-12-2023 *\/\n.elementor-heading-title{padding:0;margin:0;line-height:1}.elementor-widget-heading .elementor-heading-title[class*=elementor-size-]>a{color:inherit;font-size:inherit;line-height:inherit}.elementor-widget-heading .elementor-heading-title.elementor-size-small{font-size:15px}.elementor-widget-heading .elementor-heading-title.elementor-size-medium{font-size:19px}.elementor-widget-heading .elementor-heading-title.elementor-size-large{font-size:29px}.elementor-widget-heading .elementor-heading-title.elementor-size-xl{font-size:39px}.elementor-widget-heading .elementor-heading-title.elementor-size-xxl{font-size:59px}<\/style><h2 class=\"elementor-heading-title elementor-size-default\"><i>Nos Destinations<\/i><\/h2>\t\t<\/div>\n\t\t\t\t<\/div>\n\t\t\t\t<div class=\"elementor-element elementor-element-51bece8 elementor-widget elementor-widget-text-editor\" data-id=\"51bece8\" data-element_type=\"widget\" data-widget_type=\"text-editor.default\">\n\t\t\t\t<div class=\"elementor-widget-container\">\n\t\t\t<style>\/*! elementor - v3.18.0 - 20-12-2023 *\/\n.elementor-widget-text-editor.elementor-drop-cap-view-stacked .elementor-drop-cap{background-color:#69727d;color:#fff}.elementor-widget-text-editor.elementor-drop-cap-view-framed .elementor-drop-cap{color:#69727d;border:3px solid;background-color:transparent}.elementor-widget-text-editor:not(.elementor-drop-cap-view-default) .elementor-drop-cap{margin-top:8px}.elementor-widget-text-editor:not(.elementor-drop-cap-view-default) .elementor-drop-cap-letter{width:1em;height:1em}.elementor-widget-text-editor .elementor-drop-cap{float:left;text-align:center;line-height:1;font-size:50px}.elementor-widget-text-editor .elementor-drop-cap-letter{display:inline-block}<\/style>\t\t\t\t<p>Avec une superficie qui mesure quatre fois celle de la France, le Mexique poss\u00e8de un ample \u00e9ventail historique, culturel et gastronomique ainsi que des paysages tr\u00e8s diff\u00e9rents selon les r\u00e9gions. Du Sud vers le Nord, laissez-nous vous guider \u00e0 travers ses plus belles destinations.<\/p>\t\t\t\t\t\t<\/div>\n\t\t\t\t<\/div>\n\t\t\t\t\t<\/div>\n\t\t<\/div>\n\t\t\t\t\t\t\t<\/div>\n\t\t<\/section>\n\t\t\t\t<section class=\"elementor-section elementor-top-section elementor-element elementor-element-c556051 elementor-section-boxed elementor-section-height-default elementor-section-height-default qodef-elementor-content-no\" data-id=\"c556051\" data-element_type=\"section\">\n\t\t\t\t\t\t<div class=\"elementor-container elementor-column-gap-default\">\n\t\t\t\t\t<div class=\"elementor-column elementor-col-100 elementor-top-column elementor-element elementor-element-0faff6d\" data-id=\"0faff6d\" data-element_type=\"column\">\n\t\t\t<div class=\"elementor-widget-wrap elementor-element-populated\">\n\t\t\t\t\t\t\t\t<section class=\"elementor-section elementor-inner-section elementor-element elementor-element-2fa03c6 elementor-section-boxed elementor-section-height-default elementor-section-height-default qodef-elementor-content-no\" data-id=\"2fa03c6\" data-element_type=\"section\">\n\t\t\t\t\t\t<div class=\"elementor-container elementor-column-gap-default\">\n\t\t\t\t\t<div class=\"elementor-column elementor-col-33 elementor-inner-column elementor-element elementor-element-bd525d0\" data-id=\"bd525d0\" data-element_type=\"column\">\n\t\t\t<div class=\"elementor-widget-wrap elementor-element-populated\">\n\t\t\t\t\t\t\t\t<div class=\"elementor-element elementor-element-70ce6ec elementor-widget elementor-widget-image\" data-id=\"70ce6ec\" data-element_type=\"widget\" data-settings=\"{&quot;_animation&quot;:&quot;none&quot;}\" data-widget_type=\"image.default\">\n\t\t\t\t<div class=\"elementor-widget-container\">\n\t\t\t<style>\/*! elementor - v3.18.0 - 20-12-2023 *\/\n.elementor-widget-image{text-align:center}.elementor-widget-image a{display:inline-block}.elementor-widget-image a img[src$=\".svg\"]{width:48px}.elementor-widget-image img{vertical-align:middle;display:inline-block}<\/style>\t\t\t\t\t\t\t\t\t\t\t\t\t<a href=\"https:\/\/mexplorer-dmc.com\/yucatan\/\">\n\t\t\t\t\t\t\t<img fetchpriority=\"high\" decoding=\"async\" width=\"500\" height=\"710\" src=\"https:\/\/mexplorer-dmc.com\/wp-content\/uploads\/2022\/03\/MXP_dest_Yucatan.jpg\" class=\"attachment-large size-large wp-image-7086\" alt=\"\" srcset=\"https:\/\/mexplorer-dmc.com\/wp-content\/uploads\/2022\/03\/MXP_dest_Yucatan.jpg 500w, https:\/\/mexplorer-dmc.com\/wp-content\/uploads\/2022\/03\/MXP_dest_Yucatan-211x300.jpg 211w\" sizes=\"(max-width: 500px) 100vw, 500px\" \/>\t\t\t\t\t\t\t\t<\/a>\n\t\t\t\t\t\t\t\t\t\t\t\t\t\t\t<\/div>\n\t\t\t\t<\/div>\n\t\t\t\t<div class=\"elementor-element elementor-element-ada2488 elementor-widget elementor-widget-heading\" data-id=\"ada2488\" data-element_type=\"widget\" data-widget_type=\"heading.default\">\n\t\t\t\t<div class=\"elementor-widget-container\">\n\t\t\t<h4 class=\"elementor-heading-title elementor-size-default\"><a href=\"https:\/\/mexplorer-dmc.com\/yucatan\/\">Yucatan<\/a><\/h4>\t\t<\/div>\n\t\t\t\t<\/div>\n\t\t\t\t<div class=\"elementor-element elementor-element-8d731de elementor-widget elementor-widget-text-editor\" data-id=\"8d731de\" data-element_type=\"widget\" data-widget_type=\"text-editor.default\">\n\t\t\t\t<div class=\"elementor-widget-container\">\n\t\t\t\t\t\t\t<p>SUD-EST<\/p>\t\t\t\t\t\t<\/div>\n\t\t\t\t<\/div>\n\t\t\t\t\t<\/div>\n\t\t<\/div>\n\t\t\t\t<div class=\"elementor-column elementor-col-33 elementor-inner-column elementor-element elementor-element-157438d\" data-id=\"157438d\" data-element_type=\"column\">\n\t\t\t<div class=\"elementor-widget-wrap elementor-element-populated\">\n\t\t\t\t\t\t\t\t<div class=\"elementor-element elementor-element-bb75503 elementor-widget elementor-widget-image\" data-id=\"bb75503\" data-element_type=\"widget\" data-settings=\"{&quot;_animation&quot;:&quot;none&quot;}\" data-widget_type=\"image.default\">\n\t\t\t\t<div class=\"elementor-widget-container\">\n\t\t\t\t\t\t\t\t\t\t\t\t\t\t\t\t<a href=\"https:\/\/mexplorer-dmc.com\/chiapas\/\">\n\t\t\t\t\t\t\t<img decoding=\"async\" width=\"721\" height=\"1024\" src=\"https:\/\/mexplorer-dmc.com\/wp-content\/uploads\/2023\/05\/MXP_dest_Chiapas-721x1024.jpg\" class=\"attachment-large size-large wp-image-7087\" alt=\"\" srcset=\"https:\/\/mexplorer-dmc.com\/wp-content\/uploads\/2023\/05\/MXP_dest_Chiapas-721x1024.jpg 721w, https:\/\/mexplorer-dmc.com\/wp-content\/uploads\/2023\/05\/MXP_dest_Chiapas-211x300.jpg 211w, https:\/\/mexplorer-dmc.com\/wp-content\/uploads\/2023\/05\/MXP_dest_Chiapas-768x1091.jpg 768w, https:\/\/mexplorer-dmc.com\/wp-content\/uploads\/2023\/05\/MXP_dest_Chiapas.jpg 800w\" sizes=\"(max-width: 721px) 100vw, 721px\" \/>\t\t\t\t\t\t\t\t<\/a>\n\t\t\t\t\t\t\t\t\t\t\t\t\t\t\t<\/div>\n\t\t\t\t<\/div>\n\t\t\t\t<div class=\"elementor-element elementor-element-1cb7ba9 elementor-widget elementor-widget-heading\" data-id=\"1cb7ba9\" data-element_type=\"widget\" data-widget_type=\"heading.default\">\n\t\t\t\t<div class=\"elementor-widget-container\">\n\t\t\t<h4 class=\"elementor-heading-title elementor-size-default\"><a href=\"https:\/\/mexplorer-dmc.com\/chiapas\/\">Chiapas<\/a><\/h4>\t\t<\/div>\n\t\t\t\t<\/div>\n\t\t\t\t<div class=\"elementor-element elementor-element-173e165 elementor-widget elementor-widget-text-editor\" data-id=\"173e165\" data-element_type=\"widget\" data-widget_type=\"text-editor.default\">\n\t\t\t\t<div class=\"elementor-widget-container\">\n\t\t\t\t\t\t\t<p>SUD<\/p>\t\t\t\t\t\t<\/div>\n\t\t\t\t<\/div>\n\t\t\t\t\t<\/div>\n\t\t<\/div>\n\t\t\t\t<div class=\"elementor-column elementor-col-33 elementor-inner-column elementor-element elementor-element-0815bd1\" data-id=\"0815bd1\" data-element_type=\"column\">\n\t\t\t<div class=\"elementor-widget-wrap elementor-element-populated\">\n\t\t\t\t\t\t\t\t<div class=\"elementor-element elementor-element-c633107 elementor-widget elementor-widget-image\" data-id=\"c633107\" data-element_type=\"widget\" data-settings=\"{&quot;_animation&quot;:&quot;none&quot;}\" data-widget_type=\"image.default\">\n\t\t\t\t<div class=\"elementor-widget-container\">\n\t\t\t\t\t\t\t\t\t\t\t\t\t\t\t\t<a href=\"https:\/\/mexplorer-dmc.com\/oaxaca\/\">\n\t\t\t\t\t\t\t<img decoding=\"async\" width=\"721\" height=\"1024\" src=\"https:\/\/mexplorer-dmc.com\/wp-content\/uploads\/2023\/05\/MXP_dest_OaxacaB-1-721x1024.jpg\" class=\"attachment-large size-large wp-image-7323\" alt=\"\" srcset=\"https:\/\/mexplorer-dmc.com\/wp-content\/uploads\/2023\/05\/MXP_dest_OaxacaB-1-721x1024.jpg 721w, https:\/\/mexplorer-dmc.com\/wp-content\/uploads\/2023\/05\/MXP_dest_OaxacaB-1-211x300.jpg 211w, https:\/\/mexplorer-dmc.com\/wp-content\/uploads\/2023\/05\/MXP_dest_OaxacaB-1-768x1091.jpg 768w, https:\/\/mexplorer-dmc.com\/wp-content\/uploads\/2023\/05\/MXP_dest_OaxacaB-1.jpg 800w\" sizes=\"(max-width: 721px) 100vw, 721px\" \/>\t\t\t\t\t\t\t\t<\/a>\n\t\t\t\t\t\t\t\t\t\t\t\t\t\t\t<\/div>\n\t\t\t\t<\/div>\n\t\t\t\t<div class=\"elementor-element elementor-element-cb851b7 elementor-widget elementor-widget-heading\" data-id=\"cb851b7\" data-element_type=\"widget\" data-widget_type=\"heading.default\">\n\t\t\t\t<div class=\"elementor-widget-container\">\n\t\t\t<h4 class=\"elementor-heading-title elementor-size-default\"><a href=\"https:\/\/mexplorer-dmc.com\/oaxaca\/\">Oaxaca<\/a><\/h4>\t\t<\/div>\n\t\t\t\t<\/div>\n\t\t\t\t<div class=\"elementor-element elementor-element-0b3360d elementor-widget elementor-widget-text-editor\" data-id=\"0b3360d\" data-element_type=\"widget\" data-widget_type=\"text-editor.default\">\n\t\t\t\t<div class=\"elementor-widget-container\">\n\t\t\t\t\t\t\t<p>SUD<\/p>\t\t\t\t\t\t<\/div>\n\t\t\t\t<\/div>\n\t\t\t\t\t<\/div>\n\t\t<\/div>\n\t\t\t\t\t\t\t<\/div>\n\t\t<\/section>\n\t\t\t\t<section class=\"elementor-section elementor-inner-section elementor-element elementor-element-6cb1068 elementor-section-boxed elementor-section-height-default elementor-section-height-default qodef-elementor-content-no\" data-id=\"6cb1068\" data-element_type=\"section\">\n\t\t\t\t\t\t<div class=\"elementor-container elementor-column-gap-default\">\n\t\t\t\t\t<div class=\"elementor-column elementor-col-33 elementor-inner-column elementor-element elementor-element-8344ed2\" data-id=\"8344ed2\" data-element_type=\"column\">\n\t\t\t<div class=\"elementor-widget-wrap elementor-element-populated\">\n\t\t\t\t\t\t\t\t<div class=\"elementor-element elementor-element-6b22a30 elementor-widget elementor-widget-image\" data-id=\"6b22a30\" data-element_type=\"widget\" data-settings=\"{&quot;_animation&quot;:&quot;none&quot;}\" data-widget_type=\"image.default\">\n\t\t\t\t<div class=\"elementor-widget-container\">\n\t\t\t\t\t\t\t\t\t\t\t\t\t\t\t\t<a href=\"https:\/\/mexplorer-dmc.com\/mexico\/\">\n\t\t\t\t\t\t\t<img loading=\"lazy\" decoding=\"async\" width=\"500\" height=\"710\" src=\"https:\/\/mexplorer-dmc.com\/wp-content\/uploads\/2023\/05\/MXP_dest_Mexico.jpg\" class=\"attachment-large size-large wp-image-7078\" alt=\"\" srcset=\"https:\/\/mexplorer-dmc.com\/wp-content\/uploads\/2023\/05\/MXP_dest_Mexico.jpg 500w, https:\/\/mexplorer-dmc.com\/wp-content\/uploads\/2023\/05\/MXP_dest_Mexico-211x300.jpg 211w\" sizes=\"(max-width: 500px) 100vw, 500px\" \/>\t\t\t\t\t\t\t\t<\/a>\n\t\t\t\t\t\t\t\t\t\t\t\t\t\t\t<\/div>\n\t\t\t\t<\/div>\n\t\t\t\t<div class=\"elementor-element elementor-element-93e000f elementor-widget elementor-widget-heading\" data-id=\"93e000f\" data-element_type=\"widget\" data-widget_type=\"heading.default\">\n\t\t\t\t<div class=\"elementor-widget-container\">\n\t\t\t<h4 class=\"elementor-heading-title elementor-size-default\"><a href=\"https:\/\/mexplorer-dmc.com\/mexico\/\">Mexico<\/a><\/h4>\t\t<\/div>\n\t\t\t\t<\/div>\n\t\t\t\t<div class=\"elementor-element elementor-element-88d2b4e elementor-widget elementor-widget-text-editor\" data-id=\"88d2b4e\" data-element_type=\"widget\" data-widget_type=\"text-editor.default\">\n\t\t\t\t<div class=\"elementor-widget-container\">\n\t\t\t\t\t\t\t<p>CENTRE<\/p>\t\t\t\t\t\t<\/div>\n\t\t\t\t<\/div>\n\t\t\t\t\t<\/div>\n\t\t<\/div>\n\t\t\t\t<div class=\"elementor-column elementor-col-33 elementor-inner-column elementor-element elementor-element-d961558\" data-id=\"d961558\" data-element_type=\"column\">\n\t\t\t<div class=\"elementor-widget-wrap elementor-element-populated\">\n\t\t\t\t\t\t\t\t<div class=\"elementor-element elementor-element-12ec868 elementor-widget elementor-widget-image\" data-id=\"12ec868\" data-element_type=\"widget\" data-settings=\"{&quot;_animation&quot;:&quot;none&quot;}\" data-widget_type=\"image.default\">\n\t\t\t\t<div class=\"elementor-widget-container\">\n\t\t\t\t\t\t\t\t\t\t\t\t\t\t\t\t<a href=\"https:\/\/mexplorer-dmc.com\/jalisco\/\">\n\t\t\t\t\t\t\t<img loading=\"lazy\" decoding=\"async\" width=\"500\" height=\"710\" src=\"https:\/\/mexplorer-dmc.com\/wp-content\/uploads\/2023\/05\/MXP_dest_Jalisco.jpg\" class=\"attachment-large size-large wp-image-7084\" alt=\"\" srcset=\"https:\/\/mexplorer-dmc.com\/wp-content\/uploads\/2023\/05\/MXP_dest_Jalisco.jpg 500w, https:\/\/mexplorer-dmc.com\/wp-content\/uploads\/2023\/05\/MXP_dest_Jalisco-211x300.jpg 211w\" sizes=\"(max-width: 500px) 100vw, 500px\" \/>\t\t\t\t\t\t\t\t<\/a>\n\t\t\t\t\t\t\t\t\t\t\t\t\t\t\t<\/div>\n\t\t\t\t<\/div>\n\t\t\t\t<div class=\"elementor-element elementor-element-5e49352 elementor-widget elementor-widget-heading\" data-id=\"5e49352\" data-element_type=\"widget\" data-widget_type=\"heading.default\">\n\t\t\t\t<div class=\"elementor-widget-container\">\n\t\t\t<h4 class=\"elementor-heading-title elementor-size-default\"><a href=\"https:\/\/mexplorer-dmc.com\/jalisco\/\">Jalisco<\/a><\/h4>\t\t<\/div>\n\t\t\t\t<\/div>\n\t\t\t\t<div class=\"elementor-element elementor-element-94f405b elementor-widget elementor-widget-text-editor\" data-id=\"94f405b\" data-element_type=\"widget\" data-widget_type=\"text-editor.default\">\n\t\t\t\t<div class=\"elementor-widget-container\">\n\t\t\t\t\t\t\t<p>CENTRE-OUEST<\/p>\t\t\t\t\t\t<\/div>\n\t\t\t\t<\/div>\n\t\t\t\t\t<\/div>\n\t\t<\/div>\n\t\t\t\t<div class=\"elementor-column elementor-col-33 elementor-inner-column elementor-element elementor-element-afcd7ec\" data-id=\"afcd7ec\" data-element_type=\"column\">\n\t\t\t<div class=\"elementor-widget-wrap elementor-element-populated\">\n\t\t\t\t\t\t\t\t<div class=\"elementor-element elementor-element-a837c12 elementor-widget elementor-widget-image\" data-id=\"a837c12\" data-element_type=\"widget\" data-settings=\"{&quot;_animation&quot;:&quot;none&quot;}\" data-widget_type=\"image.default\">\n\t\t\t\t<div class=\"elementor-widget-container\">\n\t\t\t\t\t\t\t\t\t\t\t\t\t\t\t\t<a href=\"http:\/mexplorer-dmc.com\/baja-california\/\">\n\t\t\t\t\t\t\t<img loading=\"lazy\" decoding=\"async\" width=\"500\" height=\"710\" src=\"https:\/\/mexplorer-dmc.com\/wp-content\/uploads\/2023\/05\/MXP_dest_BajaCalifornia.jpg\" class=\"attachment-large size-large wp-image-7081\" alt=\"\" srcset=\"https:\/\/mexplorer-dmc.com\/wp-content\/uploads\/2023\/05\/MXP_dest_BajaCalifornia.jpg 500w, https:\/\/mexplorer-dmc.com\/wp-content\/uploads\/2023\/05\/MXP_dest_BajaCalifornia-211x300.jpg 211w\" sizes=\"(max-width: 500px) 100vw, 500px\" \/>\t\t\t\t\t\t\t\t<\/a>\n\t\t\t\t\t\t\t\t\t\t\t\t\t\t\t<\/div>\n\t\t\t\t<\/div>\n\t\t\t\t<div class=\"elementor-element elementor-element-1d33463 elementor-widget elementor-widget-heading\" data-id=\"1d33463\" data-element_type=\"widget\" data-widget_type=\"heading.default\">\n\t\t\t\t<div class=\"elementor-widget-container\">\n\t\t\t<h4 class=\"elementor-heading-title elementor-size-default\"><a href=\"http:\/mexplorer-dmc.com\/baja-california\/\">Baja California<\/a><\/h4>\t\t<\/div>\n\t\t\t\t<\/div>\n\t\t\t\t<div class=\"elementor-element elementor-element-3a0e0d1 elementor-widget elementor-widget-text-editor\" data-id=\"3a0e0d1\" data-element_type=\"widget\" data-widget_type=\"text-editor.default\">\n\t\t\t\t<div class=\"elementor-widget-container\">\n\t\t\t\t\t\t\t<p>OUEST<\/p>\t\t\t\t\t\t<\/div>\n\t\t\t\t<\/div>\n\t\t\t\t\t<\/div>\n\t\t<\/div>\n\t\t\t\t\t\t\t<\/div>\n\t\t<\/section>\n\t\t\t\t\t<\/div>\n\t\t<\/div>\n\t\t\t\t\t\t\t<\/div>\n\t\t<\/section>\n\t\t\t\t<section class=\"elementor-section elementor-top-section elementor-element elementor-element-054d7e4 elementor-section-full_width elementor-section-height-default elementor-section-height-default qodef-elementor-content-no\" data-id=\"054d7e4\" data-element_type=\"section\">\n\t\t\t\t\t\t<div class=\"elementor-container elementor-column-gap-no\">\n\t\t\t\t\t<div class=\"elementor-column elementor-col-100 elementor-top-column elementor-element elementor-element-f322e63\" data-id=\"f322e63\" data-element_type=\"column\">\n\t\t\t<div class=\"elementor-widget-wrap elementor-element-populated\">\n\t\t\t\t\t\t\t\t<div class=\"elementor-element elementor-element-4ec92bc elementor-widget elementor-widget-chalet_core_instagram_list\" data-id=\"4ec92bc\" data-element_type=\"widget\" data-widget_type=\"chalet_core_instagram_list.default\">\n\t\t\t\t<div class=\"elementor-widget-container\">\n\t\t\t<div class=\"qodef-shortcode qodef-m  qodef-instagram-list qodef-instagram-columns \">\n\t<\/div>\n\t\t<\/div>\n\t\t\t\t<\/div>\n\t\t\t\t\t<\/div>\n\t\t<\/div>\n\t\t\t\t\t\t\t<\/div>\n\t\t<\/section>\n\t\t\t\t\t\t\t<\/div>\n\t\t","protected":false},"excerpt":{"rendered":"<p>Nos Destinations Avec une superficie qui mesure quatre fois celle de la France, le Mexique poss\u00e8de un ample \u00e9ventail historique, culturel et gastronomique ainsi que des paysages tr\u00e8s diff\u00e9rents selon les r\u00e9gions. Du Sud vers le Nord, laissez-nous vous guider \u00e0 travers ses plus belles destinations. Yucatan SUD-EST Chiapas SUD Oaxaca SUD Mexico CENTRE Jalisco [&hellip;]<\/p>\n","protected":false},"author":1,"featured_media":0,"parent":0,"menu_order":0,"comment_status":"closed","ping_status":"closed","template":"page-full-width.php","meta":{"footnotes":""},"class_list":["post-3106","page","type-page","status-publish","hentry"],"_links":{"self":[{"href":"https:\/\/mexplorer-dmc.com\/fr\/wp-json\/wp\/v2\/pages\/3106","targetHints":{"allow":["GET"]}}],"collection":[{"href":"https:\/\/mexplorer-dmc.com\/fr\/wp-json\/wp\/v2\/pages"}],"about":[{"href":"https:\/\/mexplorer-dmc.com\/fr\/wp-json\/wp\/v2\/types\/page"}],"author":[{"embeddable":true,"href":"https:\/\/mexplorer-dmc.com\/fr\/wp-json\/wp\/v2\/users\/1"}],"replies":[{"embeddable":true,"href":"https:\/\/mexplorer-dmc.com\/fr\/wp-json\/wp\/v2\/comments?post=3106"}],"version-history":[{"count":236,"href":"https:\/\/mexplorer-dmc.com\/fr\/wp-json\/wp\/v2\/pages\/3106\/revisions"}],"predecessor-version":[{"id":9654,"href":"https:\/\/mexplorer-dmc.com\/fr\/wp-json\/wp\/v2\/pages\/3106\/revisions\/9654"}],"wp:attachment":[{"href":"https:\/\/mexplorer-dmc.com\/fr\/wp-json\/wp\/v2\/media?parent=3106"}],"curies":[{"name":"wp","href":"https:\/\/api.w.org\/{rel}","templated":true}]}}