{"id":7661,"date":"2023-05-16T18:40:55","date_gmt":"2023-05-16T18:40:55","guid":{"rendered":"http:\/\/mexplorer-dmc.com\/?page_id=7661"},"modified":"2023-09-27T22:14:04","modified_gmt":"2023-09-27T22:14:04","slug":"notre-histoire","status":"publish","type":"page","link":"https:\/\/mexplorer-dmc.com\/fr\/notre-histoire\/","title":{"rendered":"Notre Histoire"},"content":{"rendered":"\t\t<div data-elementor-type=\"wp-page\" data-elementor-id=\"7661\" class=\"elementor elementor-7661\">\n\t\t\t\t\t\t\t\t\t<section class=\"elementor-section elementor-top-section elementor-element elementor-element-455280e elementor-section-boxed elementor-section-height-default elementor-section-height-default qodef-elementor-content-no\" data-id=\"455280e\" data-element_type=\"section\">\n\t\t\t\t\t\t<div class=\"elementor-container elementor-column-gap-no\">\n\t\t\t\t\t<div class=\"elementor-column elementor-col-50 elementor-top-column elementor-element elementor-element-2137167\" data-id=\"2137167\" data-element_type=\"column\">\n\t\t\t<div class=\"elementor-widget-wrap elementor-element-populated\">\n\t\t\t\t\t\t\t\t<div class=\"elementor-element elementor-element-f419b6b elementor-widget elementor-widget-heading\" data-id=\"f419b6b\" data-element_type=\"widget\" data-widget_type=\"heading.default\">\n\t\t\t\t<div class=\"elementor-widget-container\">\n\t\t\t<style>\/*! elementor - v3.18.0 - 20-12-2023 *\/\n.elementor-heading-title{padding:0;margin:0;line-height:1}.elementor-widget-heading .elementor-heading-title[class*=elementor-size-]>a{color:inherit;font-size:inherit;line-height:inherit}.elementor-widget-heading .elementor-heading-title.elementor-size-small{font-size:15px}.elementor-widget-heading .elementor-heading-title.elementor-size-medium{font-size:19px}.elementor-widget-heading .elementor-heading-title.elementor-size-large{font-size:29px}.elementor-widget-heading .elementor-heading-title.elementor-size-xl{font-size:39px}.elementor-widget-heading .elementor-heading-title.elementor-size-xxl{font-size:59px}<\/style><h2 class=\"elementor-heading-title elementor-size-default\"><i>Notre Histoire<\/i><\/h2>\t\t<\/div>\n\t\t\t\t<\/div>\n\t\t\t\t\t<\/div>\n\t\t<\/div>\n\t\t\t\t<div class=\"elementor-column elementor-col-50 elementor-top-column elementor-element elementor-element-6ff3aa6\" data-id=\"6ff3aa6\" data-element_type=\"column\">\n\t\t\t<div class=\"elementor-widget-wrap elementor-element-populated\">\n\t\t\t\t\t\t\t\t<div class=\"elementor-element elementor-element-03f5fdc elementor-widget elementor-widget-image\" data-id=\"03f5fdc\" data-element_type=\"widget\" data-widget_type=\"image.default\">\n\t\t\t\t<div class=\"elementor-widget-container\">\n\t\t\t<style>\/*! elementor - v3.18.0 - 20-12-2023 *\/\n.elementor-widget-image{text-align:center}.elementor-widget-image a{display:inline-block}.elementor-widget-image a img[src$=\".svg\"]{width:48px}.elementor-widget-image img{vertical-align:middle;display:inline-block}<\/style>\t\t\t\t\t\t\t\t\t\t\t\t<img decoding=\"async\" src=\"https:\/\/mexplorer-dmc.com\/wp-content\/uploads\/elementor\/thumbs\/MXP_IconeIlluBleu_300x300-rm9l8enxoksuvls50obdivbe08tpwkgfp1l68yrcw8.png\" title=\"MXP_IconeIlluBleu_300x300\" alt=\"MXP_IconeIlluBleu_300x300\" loading=\"lazy\" \/>\t\t\t\t\t\t\t\t\t\t\t\t\t\t\t<\/div>\n\t\t\t\t<\/div>\n\t\t\t\t\t<\/div>\n\t\t<\/div>\n\t\t\t\t\t\t\t<\/div>\n\t\t<\/section>\n\t\t\t\t<section class=\"elementor-section elementor-top-section elementor-element elementor-element-b438126 elementor-section-boxed elementor-section-height-default elementor-section-height-default qodef-elementor-content-no\" data-id=\"b438126\" data-element_type=\"section\">\n\t\t\t\t\t\t<div class=\"elementor-container elementor-column-gap-no\">\n\t\t\t\t\t<div class=\"elementor-column elementor-col-33 elementor-top-column elementor-element elementor-element-8b0b299\" data-id=\"8b0b299\" data-element_type=\"column\">\n\t\t\t<div class=\"elementor-widget-wrap elementor-element-populated\">\n\t\t\t\t\t\t\t\t<div class=\"elementor-element elementor-element-840a479 elementor-invisible elementor-widget elementor-widget-image\" data-id=\"840a479\" data-element_type=\"widget\" data-settings=\"{&quot;_animation&quot;:&quot;fadeInLeft&quot;}\" data-widget_type=\"image.default\">\n\t\t\t\t<div class=\"elementor-widget-container\">\n\t\t\t\t\t\t\t\t\t\t\t\t\t\t\t<img decoding=\"async\" src=\"https:\/\/mexplorer-dmc.com\/wp-content\/uploads\/elementor\/thumbs\/MXP_Agence1-rm9l3ojcvgv9nal4tkuax0ntvmcw2ykfohoxkz1tz8.jpg\" title=\"MXP_Agence1\" alt=\"MXP_Agence1\" loading=\"lazy\" \/>\t\t\t\t\t\t\t\t\t\t\t\t\t\t\t<\/div>\n\t\t\t\t<\/div>\n\t\t\t\t\t<\/div>\n\t\t<\/div>\n\t\t\t\t<div class=\"elementor-column elementor-col-66 elementor-top-column elementor-element elementor-element-4f159bd\" data-id=\"4f159bd\" data-element_type=\"column\" data-settings=\"{&quot;background_background&quot;:&quot;classic&quot;}\">\n\t\t\t<div class=\"elementor-widget-wrap elementor-element-populated\">\n\t\t\t\t\t\t\t\t<div class=\"elementor-element elementor-element-f9208e7 elementor-widget elementor-widget-text-editor\" data-id=\"f9208e7\" data-element_type=\"widget\" data-widget_type=\"text-editor.default\">\n\t\t\t\t<div class=\"elementor-widget-container\">\n\t\t\t<style>\/*! elementor - v3.18.0 - 20-12-2023 *\/\n.elementor-widget-text-editor.elementor-drop-cap-view-stacked .elementor-drop-cap{background-color:#69727d;color:#fff}.elementor-widget-text-editor.elementor-drop-cap-view-framed .elementor-drop-cap{color:#69727d;border:3px solid;background-color:transparent}.elementor-widget-text-editor:not(.elementor-drop-cap-view-default) .elementor-drop-cap{margin-top:8px}.elementor-widget-text-editor:not(.elementor-drop-cap-view-default) .elementor-drop-cap-letter{width:1em;height:1em}.elementor-widget-text-editor .elementor-drop-cap{float:left;text-align:center;line-height:1;font-size:50px}.elementor-widget-text-editor .elementor-drop-cap-letter{display:inline-block}<\/style>\t\t\t\t<p class=\"p1\"><span class=\"s1\">L\u2019agence Mexplorer-Dmc a vu le jour en 2014 suite \u00e0 la rencontre fortuite entre Fred et Eric. Tr\u00e8s rapidement \u00e9merge l\u2019id\u00e9e d\u2019une agence de voyage r\u00e9ceptive fran\u00e7aise bas\u00e9e \u00e0 M\u00e9rida au Mexique. Ils se lancent ensemble dans l\u2019aventure en alliant leurs compl\u00e9mentarit\u00e9s. Deux associ\u00e9s issus du monde du tourisme, de la logistique internationale, de l&rsquo;\u00e9v\u00e9nementiel et de l&rsquo;incentive \u00e0 l\u2019\u00e9tranger. Aujourd\u2019hui, ils sont fiers de former une \u00e9quipe de 15 passionn\u00e9s!<\/span><\/p>\n<p class=\"p1\"><span class=\"s1\">C\u2019est ainsi que chaque secteur de Mexplorer fonctionne par un processus interne bien d\u00e9fini en amont. Durant l\u2019organisation de votre s\u00e9jour, nous accordons une importance au moindre d\u00e9tail, afin qu\u2019il se d\u00e9roule comme vous l\u2019aviez imagin\u00e9. Pour nous l\u2019approche humaine est primordiale c\u2019est pourquoi notre \u00e9quipe de suivi sera \u00e0 l\u2019\u00e9coute de chacun de nos voyageurs et proposera les meilleures solutions aux inconv\u00e9nients rencontr\u00e9s sur le terrain.<\/span><\/p>\t\t\t\t\t\t<\/div>\n\t\t\t\t<\/div>\n\t\t\t\t\t<\/div>\n\t\t<\/div>\n\t\t\t\t\t\t\t<\/div>\n\t\t<\/section>\n\t\t\t\t<section class=\"elementor-section elementor-top-section elementor-element elementor-element-1cfbb9d elementor-section-boxed elementor-section-height-default elementor-section-height-default qodef-elementor-content-no\" data-id=\"1cfbb9d\" data-element_type=\"section\">\n\t\t\t\t\t\t<div class=\"elementor-container elementor-column-gap-no\">\n\t\t\t\t\t<div class=\"elementor-column elementor-col-66 elementor-top-column elementor-element elementor-element-bd0cc92\" data-id=\"bd0cc92\" data-element_type=\"column\" data-settings=\"{&quot;background_background&quot;:&quot;classic&quot;}\">\n\t\t\t<div class=\"elementor-widget-wrap elementor-element-populated\">\n\t\t\t\t\t\t\t\t<div class=\"elementor-element elementor-element-386a3c2 elementor-absolute elementor-widget elementor-widget-text-editor\" data-id=\"386a3c2\" data-element_type=\"widget\" data-settings=\"{&quot;_position&quot;:&quot;absolute&quot;}\" data-widget_type=\"text-editor.default\">\n\t\t\t\t<div class=\"elementor-widget-container\">\n\t\t\t\t\t\t\t<p class=\"p1\"><span class=\"s1\">Forts de notre grande exp\u00e9rience client, l\u2019agence a su se d\u00e9velopper sur plusieurs march\u00e9s, op\u00e9rant actuellement avec de nombreux T.O pr\u00e9sents en Europe et en Am\u00e9rique du Nord.<span class=\"Apple-converted-space\">\u00a0<\/span><\/span><\/p><p class=\"p1\"><span class=\"s1\">Notre philosophie interne bas\u00e9e sur le bien-\u00eatre de nos employ\u00e9s nous permet de travailler en \u00e9quipe avec passion et motivation, et ainsi, vous proposer des s\u00e9jours remplis de d\u00e9couvertes, d\u2019originalit\u00e9 et d\u2019authenticit\u00e9. <\/span><span class=\"s2\">Nous veillons \u00e0 ce que nos services soient de qualit\u00e9 et examin\u00e9s dans le moindre d\u00e9tail afin que vous profitiez de ce qu\u2019il existe de mieux sur le march\u00e9, sans mauvaise surprise.<\/span><\/p>\t\t\t\t\t\t<\/div>\n\t\t\t\t<\/div>\n\t\t\t\t\t<\/div>\n\t\t<\/div>\n\t\t\t\t<div class=\"elementor-column elementor-col-33 elementor-top-column elementor-element elementor-element-1805c67\" data-id=\"1805c67\" data-element_type=\"column\">\n\t\t\t<div class=\"elementor-widget-wrap elementor-element-populated\">\n\t\t\t\t\t\t\t\t<div class=\"elementor-element elementor-element-e63cb6c elementor-invisible elementor-widget elementor-widget-image\" data-id=\"e63cb6c\" data-element_type=\"widget\" data-settings=\"{&quot;_animation&quot;:&quot;fadeInRight&quot;}\" data-widget_type=\"image.default\">\n\t\t\t\t<div class=\"elementor-widget-container\">\n\t\t\t\t\t\t\t\t\t\t\t\t\t\t\t<img decoding=\"async\" src=\"https:\/\/mexplorer-dmc.com\/wp-content\/uploads\/elementor\/thumbs\/MXP_Agence2-1-rm9l3ojcvgueyekpbgtm4cwtauol64lns9g6jj9dew.jpg\" title=\"MXP_Agence2\" alt=\"MXP_Agence2\" loading=\"lazy\" \/>\t\t\t\t\t\t\t\t\t\t\t\t\t\t\t<\/div>\n\t\t\t\t<\/div>\n\t\t\t\t\t<\/div>\n\t\t<\/div>\n\t\t\t\t\t\t\t<\/div>\n\t\t<\/section>\n\t\t\t\t<section class=\"elementor-section elementor-top-section elementor-element elementor-element-2a4869be elementor-section-boxed elementor-section-height-default elementor-section-height-default qodef-elementor-content-no\" data-id=\"2a4869be\" data-element_type=\"section\">\n\t\t\t\t\t\t<div class=\"elementor-container elementor-column-gap-no\">\n\t\t\t\t\t<div class=\"elementor-column elementor-col-33 elementor-top-column elementor-element elementor-element-352093e9\" data-id=\"352093e9\" data-element_type=\"column\">\n\t\t\t<div class=\"elementor-widget-wrap elementor-element-populated\">\n\t\t\t\t\t\t\t\t<div class=\"elementor-element elementor-element-ad4c114 elementor-invisible elementor-widget elementor-widget-image\" data-id=\"ad4c114\" data-element_type=\"widget\" data-settings=\"{&quot;_animation&quot;:&quot;fadeInLeft&quot;}\" data-widget_type=\"image.default\">\n\t\t\t\t<div class=\"elementor-widget-container\">\n\t\t\t\t\t\t\t\t\t\t\t\t<figure class=\"wp-caption\">\n\t\t\t\t\t\t\t\t\t\t<img decoding=\"async\" src=\"https:\/\/mexplorer-dmc.com\/wp-content\/uploads\/elementor\/thumbs\/MXP_Agence3-rm9l38k4v50z31dnbos4k1sc8n2z711xxuy3j8eads.jpg\" title=\"MXP_Agence3\" alt=\"MXP_Agence3\" loading=\"lazy\" \/>\t\t\t\t\t\t\t\t\t\t\t<figcaption class=\"widget-image-caption wp-caption-text\"><\/figcaption>\n\t\t\t\t\t\t\t\t\t\t<\/figure>\n\t\t\t\t\t\t\t\t\t<\/div>\n\t\t\t\t<\/div>\n\t\t\t\t\t<\/div>\n\t\t<\/div>\n\t\t\t\t<div class=\"elementor-column elementor-col-66 elementor-top-column elementor-element elementor-element-4d267414\" data-id=\"4d267414\" data-element_type=\"column\" data-settings=\"{&quot;background_background&quot;:&quot;classic&quot;}\">\n\t\t\t<div class=\"elementor-widget-wrap elementor-element-populated\">\n\t\t\t\t\t\t\t\t<div class=\"elementor-element elementor-element-4f158dcb elementor-widget elementor-widget-text-editor\" data-id=\"4f158dcb\" data-element_type=\"widget\" data-widget_type=\"text-editor.default\">\n\t\t\t\t<div class=\"elementor-widget-container\">\n\t\t\t\t\t\t\t<p class=\"p1\"><span class=\"s1\">Notre grande famille Mexplorer est dot\u00e9e de solidarit\u00e9 et d&rsquo;int\u00e9r\u00eat \u00e0 l\u2019\u00e9gard nos voyageurs. Nous vous ferons d\u00e9couvrir notre merveilleuse destination: aux innombrables richesses naturelles, culturelles, permettant g\u00e9n\u00e9ralement une fin de s\u00e9jour en baln\u00e9aire sur des lieux paradisiaques, sans tourisme de masse, ( sous r\u00e9serve des conditions le permettant, en comptant sur la validation de l&rsquo;ambassade de France).<\/span><\/p>\n<p class=\"p1\"><span class=\"s2\">N\u2019h\u00e9sitez pas \u00e0 nous contacter pour la mise en place d&rsquo;un partenariat durable bas\u00e9e sur et la confiance et la transparence, ayant pour objectif final une satisfaction totale de tous nos voyageurs.<\/span><\/p>\n<p class=\"p1\"><span class=\"s1\">Nous sommes et resterons toujours disponibles pour la mise en place de tous type de s\u00e9jours, en toute s\u00e9curit\u00e9, et en toute s\u00e9r\u00e9nit\u00e9.<\/span><\/p>\t\t\t\t\t\t<\/div>\n\t\t\t\t<\/div>\n\t\t\t\t\t<\/div>\n\t\t<\/div>\n\t\t\t\t\t\t\t<\/div>\n\t\t<\/section>\n\t\t\t\t\t\t\t<\/div>\n\t\t","protected":false},"excerpt":{"rendered":"<p>Notre Histoire L\u2019agence Mexplorer-Dmc a vu le jour en 2014 suite \u00e0 la rencontre fortuite entre Fred et Eric. Tr\u00e8s rapidement \u00e9merge l\u2019id\u00e9e d\u2019une agence de voyage r\u00e9ceptive fran\u00e7aise bas\u00e9e \u00e0 M\u00e9rida au Mexique. Ils se lancent ensemble dans l\u2019aventure en alliant leurs compl\u00e9mentarit\u00e9s. Deux associ\u00e9s issus du monde du tourisme, de la logistique internationale, [&hellip;]<\/p>\n","protected":false},"author":1,"featured_media":0,"parent":0,"menu_order":0,"comment_status":"closed","ping_status":"closed","template":"","meta":{"footnotes":""},"class_list":["post-7661","page","type-page","status-publish","hentry"],"_links":{"self":[{"href":"https:\/\/mexplorer-dmc.com\/fr\/wp-json\/wp\/v2\/pages\/7661","targetHints":{"allow":["GET"]}}],"collection":[{"href":"https:\/\/mexplorer-dmc.com\/fr\/wp-json\/wp\/v2\/pages"}],"about":[{"href":"https:\/\/mexplorer-dmc.com\/fr\/wp-json\/wp\/v2\/types\/page"}],"author":[{"embeddable":true,"href":"https:\/\/mexplorer-dmc.com\/fr\/wp-json\/wp\/v2\/users\/1"}],"replies":[{"embeddable":true,"href":"https:\/\/mexplorer-dmc.com\/fr\/wp-json\/wp\/v2\/comments?post=7661"}],"version-history":[{"count":160,"href":"https:\/\/mexplorer-dmc.com\/fr\/wp-json\/wp\/v2\/pages\/7661\/revisions"}],"predecessor-version":[{"id":9549,"href":"https:\/\/mexplorer-dmc.com\/fr\/wp-json\/wp\/v2\/pages\/7661\/revisions\/9549"}],"wp:attachment":[{"href":"https:\/\/mexplorer-dmc.com\/fr\/wp-json\/wp\/v2\/media?parent=7661"}],"curies":[{"name":"wp","href":"https:\/\/api.w.org\/{rel}","templated":true}]}}