{"id":9149,"date":"2023-07-05T18:57:54","date_gmt":"2023-07-05T18:57:54","guid":{"rendered":"https:\/\/mexplorer-dmc.com\/?page_id=9149"},"modified":"2023-09-29T02:35:03","modified_gmt":"2023-09-29T02:35:03","slug":"faq","status":"publish","type":"page","link":"https:\/\/mexplorer-dmc.com\/fr\/faq\/","title":{"rendered":"FAQ"},"content":{"rendered":"\t\t<div data-elementor-type=\"wp-page\" data-elementor-id=\"9149\" class=\"elementor elementor-9149\">\n\t\t\t\t\t\t\t\t\t<section class=\"elementor-section elementor-top-section elementor-element elementor-element-f72256d elementor-section-boxed elementor-section-height-default elementor-section-height-default qodef-elementor-content-no\" data-id=\"f72256d\" data-element_type=\"section\" data-settings=\"{&quot;background_background&quot;:&quot;classic&quot;}\">\n\t\t\t\t\t\t<div class=\"elementor-container elementor-column-gap-default\">\n\t\t\t\t\t<div class=\"elementor-column elementor-col-100 elementor-top-column elementor-element elementor-element-d424ab7\" data-id=\"d424ab7\" data-element_type=\"column\">\n\t\t\t<div class=\"elementor-widget-wrap elementor-element-populated\">\n\t\t\t\t\t\t\t\t<div class=\"elementor-element elementor-element-b7af8b2 1,2 elementor-widget elementor-widget-heading\" data-id=\"b7af8b2\" data-element_type=\"widget\" data-widget_type=\"heading.default\">\n\t\t\t\t<div class=\"elementor-widget-container\">\n\t\t\t<style>\/*! elementor - v3.18.0 - 20-12-2023 *\/\n.elementor-heading-title{padding:0;margin:0;line-height:1}.elementor-widget-heading .elementor-heading-title[class*=elementor-size-]>a{color:inherit;font-size:inherit;line-height:inherit}.elementor-widget-heading .elementor-heading-title.elementor-size-small{font-size:15px}.elementor-widget-heading .elementor-heading-title.elementor-size-medium{font-size:19px}.elementor-widget-heading .elementor-heading-title.elementor-size-large{font-size:29px}.elementor-widget-heading .elementor-heading-title.elementor-size-xl{font-size:39px}.elementor-widget-heading .elementor-heading-title.elementor-size-xxl{font-size:59px}<\/style><h2 class=\"elementor-heading-title elementor-size-default\"><i>F.A.Q.<\/i><\/h2>\t\t<\/div>\n\t\t\t\t<\/div>\n\t\t\t\t\t<\/div>\n\t\t<\/div>\n\t\t\t\t\t\t\t<\/div>\n\t\t<\/section>\n\t\t\t\t<section class=\"elementor-section elementor-top-section elementor-element elementor-element-65005c3 elementor-section-boxed elementor-section-height-default elementor-section-height-default qodef-elementor-content-no\" data-id=\"65005c3\" data-element_type=\"section\">\n\t\t\t\t\t\t<div class=\"elementor-container elementor-column-gap-default\">\n\t\t\t\t\t<div class=\"elementor-column elementor-col-100 elementor-top-column elementor-element elementor-element-d130c16\" data-id=\"d130c16\" data-element_type=\"column\">\n\t\t\t<div class=\"elementor-widget-wrap elementor-element-populated\">\n\t\t\t\t\t\t\t\t<div class=\"elementor-element elementor-element-08716d0 elementor-widget elementor-widget-text-editor\" data-id=\"08716d0\" data-element_type=\"widget\" data-widget_type=\"text-editor.default\">\n\t\t\t\t<div class=\"elementor-widget-container\">\n\t\t\t<style>\/*! elementor - v3.18.0 - 20-12-2023 *\/\n.elementor-widget-text-editor.elementor-drop-cap-view-stacked .elementor-drop-cap{background-color:#69727d;color:#fff}.elementor-widget-text-editor.elementor-drop-cap-view-framed .elementor-drop-cap{color:#69727d;border:3px solid;background-color:transparent}.elementor-widget-text-editor:not(.elementor-drop-cap-view-default) .elementor-drop-cap{margin-top:8px}.elementor-widget-text-editor:not(.elementor-drop-cap-view-default) .elementor-drop-cap-letter{width:1em;height:1em}.elementor-widget-text-editor .elementor-drop-cap{float:left;text-align:center;line-height:1;font-size:50px}.elementor-widget-text-editor .elementor-drop-cap-letter{display:inline-block}<\/style>\t\t\t\t<h5><span class=\"s1\">1. Quels sont les documents n\u00e9cessaires \u00e0 l\u2019entr\u00e9e au Mexique ?<\/span><\/h5>\n<p class=\"p3\"><span class=\"s2\">L\u2019 entr\u00e9e sur le territoire mexicain se fait sur pr\u00e9sentation des pi\u00e8ces suivantes :<\/span><\/p>\n<p><span class=\"s2\"><strong> 1. un passeport<\/strong> (ou document de voyage) en cours de validit\u00e9. La dur\u00e9e de validit\u00e9 doit \u00eatre \u00e9gale \u00e0 celle du s\u00e9jour ; cependant, l\u2019Instituto Nacional de Migraci\u00f3n peut demander une validit\u00e9 de six mois, par exemple, apr\u00e8s la fin du s\u00e9jour.<\/span><\/p>\n<p class=\"p3\"><span class=\"s2\"><strong> 2.<\/strong> Au point d\u2019entr\u00e9e, les agents migratoires peuvent demander des <strong>pi\u00e8ces suppl\u00e9mentaires<\/strong> selon le but du voyage.<\/span><\/p>\n<ul>\n<li class=\"p3\"><span class=\"s2\"><strong>Tourisme<\/strong> : r\u00e9servation d\u2019h\u00f4tel, billet d\u2019avion de retour.<\/span><\/li>\n<li><span class=\"s2\"><strong>Affaires\/entreprises<\/strong> : lettre en espagnol de l\u2019entreprise \u00e9trang\u00e8re pr\u00e9cisant que vous \u00eates son employ\u00e9 et que vous ne percevrez pas de salaire de la part d\u2019une entreprise mexicaine.<\/span><\/li>\n<li class=\"p3\"><span class=\"s2\"><strong>\u00c9tudiants<\/strong> : lettre d\u2019invitation ou d\u2019acceptation d\u2019un \u00e9tablissement relevant du syst\u00e8me \u00e9ducatif mexicain pour suivre des cours ou des \u00e9tudes, des projets de recherche ou une formation acad\u00e9mique pour une dur\u00e9e maximale de 180 jours.<\/span><\/li>\n<\/ul>\n<p class=\"p3\"><em><span class=\"s2\">&nbsp;<\/span><span class=\"s2\">Source: CONSULMEX. (n.d.). Questions Fr\u00e9quentes Mexique. Consulmex.sre.gob.mx. <a href=\"https:\/\/consulmex.sre.gob.mx\/francia\/index.php\/fr\/voyager-au-mexique\/2-consulado\/253-questions-frequentes-2\">https:\/\/consulmex.sre.gob.mx\/francia\/index.php\/fr\/voyager-au-mexique\/2-consulado\/253-questions-frequentes-2<\/a><span class=\"Apple-converted-space\">&nbsp;<\/span><\/span><\/em><\/p>\n<p class=\"p3\"><span class=\"s2\">&nbsp;<\/span><\/p>\n<h5 class=\"p3\"><span class=\"s2\">2. Ai-je besoin d\u2019un visa pour mon voyage au Mexique ?<\/span><\/h5>\n<p class=\"p3\"><span class=\"s2\">Toute personne souhaitant s\u00e9journer au Mexique pendant plus de 180 jours, quelle que soit sa nationalit\u00e9, doit demander un visa. Le type de visa \u00e0 demander doit \u00eatre en rapport avec les activit\u00e9s \u00e0 effectuer sur le territoire mexicain.<br>Toute personne qui re\u00e7oit une r\u00e9mun\u00e9ration sur le territoire mexicain, quelle que soit la dur\u00e9e de son voyage et sa nationalit\u00e9, doit demander un visa de travail.<\/span><\/p>\n<p class=\"p3\"><span class=\"s2\">Si votre nationalit\u00e9 figure sur la liste, vous devez demander un visa.<\/span><\/p>\n<p class=\"p3\"><span class=\"s2\">&nbsp;<\/span><\/p>\n<p class=\"p3\"><span class=\"s2\">Source: CONSULMEX. (n.d.). <i>Questions Fr\u00e9quentes Mexique<\/i>. Consulmex.sre.gob.mx. <a href=\"https:\/\/consulmex.sre.gob.mx\/francia\/index.php\/fr\/voyager-au-mexique\/2-consulado\/253-questions-frequentes-2\">https:\/\/consulmex.sre.gob.mx\/francia\/index.php\/fr\/voyager-au-mexique\/2-consulado\/253-questions-frequentes-2<\/a><span class=\"Apple-converted-space\">&nbsp;<\/span><\/span><\/p>\n<p class=\"p3\"><span class=\"s2\">&nbsp;<\/span><\/p>\n<h5 class=\"p3\"><span class=\"s2\">3. Quelle est la meilleure p\u00e9riode pour partir au Mexique ?<\/span><\/h5>\n<p class=\"p3\"><span class=\"s2\">Entre Septembre et Avril est une p\u00e9riode parfaite si vous souhaitez \u00e9viter la chaleur extr\u00eame.<\/span><\/p>\n<p class=\"p3\"><span class=\"s2\">&nbsp;<\/span><\/p>\n<h5 class=\"p3\"><span class=\"s2\">4. Puis-je louer et conduire une voiture au Mexique avec mon permis fran\u00e7ais ?<\/span><\/h5>\n<p class=\"p3\"><span class=\"s2\">Oui, bien s\u00fbr. Votre permis doit \u00eatre en cours de validit\u00e9 et vous devez avoir une carte de cr\u00e9dit. Attention! Les cartes de cr\u00e9dit-d\u00e9bit NE SONT PAS VALIDES au Mexique. La carte de cr\u00e9dit ne doit pas avoir la legend \u201cd\u00e9bit\u201d \u00e9crit sur le plastique.<span class=\"Apple-converted-space\">&nbsp;<\/span><\/span><\/p>\n<p class=\"p3\"><span class=\"s2\">&nbsp;<\/span><\/p>\n<h5 class=\"p3\"><span class=\"s2\">5. Qu\u2019en est-il de la s\u00e9curit\u00e9 au Mexique ?<\/span><\/h5>\n<p class=\"p3\"><span class=\"s2\">La s\u00e9curit\u00e9 au Mexique est un sujet complexe \u00e0 r\u00e9sumer. M\u00eame s\u2019il est vrai que certains endroits sont peu recommandables par la diplomatie de la France, les sites que nous recommandons sont s\u00fbrs et vigilants pour la s\u00e9curit\u00e9 des touristes. Chez Mexplorer, nous assurons votre s\u00e9curit\u00e9 en faisant un suivi de votre voyage par t\u00e9l\u00e9phone 24\/7 et en vous envoyant des conseils et des documents qui peuvent vous aider si besoin.<\/span><\/p>\n<p class=\"p3\"><span class=\"s2\">Voici quelques recommandations pour pr\u00e9voir des mauvaises surprises:<\/span><\/p>\n<p class=\"p3\"><span class=\"s2\"><strong> 1.<\/strong> \u00c9vitez d\u2019exposer des objets de grande valeur ou de grandes quantit\u00e9s d\u2019argent aux yeux de tous.<\/span><\/p>\n<p class=\"p3\"><span class=\"s2\"><strong> 2.<\/strong> Ayez 50 euros en liquide par personne par jour, pas plus.<\/span><\/p>\n<p class=\"p3\"><span class=\"s2\"><strong> 3.<\/strong> Faites des copies de vos documents d\u2019identification officiels, des vouchers et des documents envoy\u00e9s par votre agence.<\/span><\/p>\n<p class=\"p3\"><span class=\"s2\"><strong> 4.<\/strong> \u00c9vitez de vous promener seul de nuit et dans des zones recul\u00e9es.<span class=\"Apple-converted-space\">&nbsp;<\/span><\/span><\/p>\n<p class=\"p3\"><span class=\"s2\"><strong> 5.<\/strong> Gardez toujours un \u0153il sur vos biens (sacs \u00e0 dos, valises, etc).<span class=\"Apple-converted-space\">&nbsp;<\/span><\/span><\/p>\n<p class=\"p3\"><span class=\"s2\">Si vous suivez ces r\u00e8gles \u00e9l\u00e9mentaires applicables dans bien des pays, y compris en France, vous devriez garder l\u2019esprit tranquille tout au long de votre voyage.<\/span><\/p>\n<p class=\"p3\"><span class=\"s2\">&nbsp;<\/span><\/p>\n<h5 class=\"p3\"><span class=\"s2\">6. O\u00f9 me procurer une carte SIM pour mon t\u00e9l\u00e9phone portable ?<\/span><\/h5>\n<p class=\"p3\"><span class=\"s2\">Vous pouvez acheter une carte SIM au magasin OXXO, nous recommandons d&rsquo;en acheter un plut\u00f4t que payer pour un GPS qui n\u2019est pas toujours actualis\u00e9.<span class=\"Apple-converted-space\">&nbsp;<\/span><\/span><\/p>\n<p class=\"p3\"><span class=\"s2\">&nbsp;<\/span><\/p>\n<h5 class=\"p3\"><span class=\"s2\">7. Est-ce que le pourboire est obligatoire?<\/span><\/h5>\n<p class=\"p3\"><span class=\"s2\">Beaucoup de Mexicains vivent gr\u00e2ce aux pourboires (\u201ctips\u201d ou \u201cpropina\u201d), surtout aux villages comme Calakmul ou Chichen Itza.<span class=\"Apple-converted-space\">&nbsp;<\/span><\/span><\/p>\n<p class=\"p3\"><span class=\"s2\">Aux restaurants le pourboire d\u00e9pend de votre niveau de satisfaction avec le service re\u00e7u. Nous vous recommandons de suivre ce bar\u00e8me :<\/span><\/p>\n<ul>\n<li><span class=\"s2\">Moins de 10% : <b>Service de mauvaise qualit\u00e9<\/b><\/span><\/li>\n<li class=\"p3\"><span class=\"s2\">10 % : Service correct<\/span><\/li>\n<li class=\"p3\"><span class=\"s2\">15% : Bon service<\/span><\/li>\n<li class=\"p3\"><span class=\"s6\">&nbsp;<\/span><span class=\"s2\">Au-del\u00e0 de 15% : Service exceptionnel<\/span><\/li>\n<\/ul>\n<p class=\"p3\"><span class=\"s2\">Il est aussi d\u2019usage de laisser un pourboire dans d\u2019autres situations comme au pompiste lorsque vous fa\u00eetes un plein d\u2019essence (environ 10 pesos), \u00e0 l\u2019h\u00f4tel si un agent vous aide \u00e0 porter vos valises ou si quelqu\u2019un vous aide \u00e0 empaqueter vos courses ou vous garer au supermarch\u00e9 (entre 10 et 15 pesos), ou encore pour les femmes de chambre suite au m\u00e9nage de votre chambre d\u2019h\u00f4tel (entre 30 et 50 pesos). Enfin, lors des excursions, n\u2019h\u00e9sitez pas non plus \u00e0 laisser un pourboire \u00e0 votre guide ou au chauffeur selon le service que vous avez re\u00e7u.<span class=\"Apple-converted-space\">&nbsp;<\/span><\/span><\/p>\n<p class=\"p3\"><span class=\"s2\">&nbsp;<\/span><\/p>\n<h5 class=\"p3\"><span class=\"s2\">8. Qu\u2019est-ce que je dois faire si je me fais arr\u00eater par la police?<span class=\"Apple-converted-space\">&nbsp;<\/span><\/span><\/h5>\n<p class=\"p3\"><span class=\"s2\">Premi\u00e8rement ne vous inqui\u00e9tez pas, il faut \u00eatre calme et donner le document partag\u00e9 sur votre groupe WhatsApp. Ne parlez ni espagnol ni anglais et appelez-nous imm\u00e9diatement, nous serons votre traducteur et nous parlerons avec la personne qui vous a fait arr\u00eater. Si vous avez commis une infraction, nous vous dirons o\u00f9 vous devriez payer pour r\u00e9cup\u00e9rer les plaques d&rsquo;immatriculation qui seront enlev\u00e9es de la voiture. Au Mexique, la proc\u00e9dure pour obtenir une infraction est diff\u00e9rente en comparaison aux proc\u00e9dures europ\u00e9ennes. Nous sommes ici pour vous instruire dans tous ces chocs culturels.<span class=\"Apple-converted-space\">&nbsp;<\/span><\/span><\/p>\t\t\t\t\t\t<\/div>\n\t\t\t\t<\/div>\n\t\t\t\t\t<\/div>\n\t\t<\/div>\n\t\t\t\t\t\t\t<\/div>\n\t\t<\/section>\n\t\t\t\t\t\t\t<\/div>\n\t\t","protected":false},"excerpt":{"rendered":"<p>F.A.Q. 1. Quels sont les documents n\u00e9cessaires \u00e0 l\u2019entr\u00e9e au Mexique ? L\u2019 entr\u00e9e sur le territoire mexicain se fait sur pr\u00e9sentation des pi\u00e8ces suivantes : 1. un passeport (ou document de voyage) en cours de validit\u00e9. La dur\u00e9e de validit\u00e9 doit \u00eatre \u00e9gale \u00e0 celle du s\u00e9jour ; cependant, l\u2019Instituto Nacional de Migraci\u00f3n peut [&hellip;]<\/p>\n","protected":false},"author":1,"featured_media":0,"parent":0,"menu_order":0,"comment_status":"closed","ping_status":"closed","template":"","meta":{"footnotes":""},"class_list":["post-9149","page","type-page","status-publish","hentry"],"_links":{"self":[{"href":"https:\/\/mexplorer-dmc.com\/fr\/wp-json\/wp\/v2\/pages\/9149","targetHints":{"allow":["GET"]}}],"collection":[{"href":"https:\/\/mexplorer-dmc.com\/fr\/wp-json\/wp\/v2\/pages"}],"about":[{"href":"https:\/\/mexplorer-dmc.com\/fr\/wp-json\/wp\/v2\/types\/page"}],"author":[{"embeddable":true,"href":"https:\/\/mexplorer-dmc.com\/fr\/wp-json\/wp\/v2\/users\/1"}],"replies":[{"embeddable":true,"href":"https:\/\/mexplorer-dmc.com\/fr\/wp-json\/wp\/v2\/comments?post=9149"}],"version-history":[{"count":57,"href":"https:\/\/mexplorer-dmc.com\/fr\/wp-json\/wp\/v2\/pages\/9149\/revisions"}],"predecessor-version":[{"id":9630,"href":"https:\/\/mexplorer-dmc.com\/fr\/wp-json\/wp\/v2\/pages\/9149\/revisions\/9630"}],"wp:attachment":[{"href":"https:\/\/mexplorer-dmc.com\/fr\/wp-json\/wp\/v2\/media?parent=9149"}],"curies":[{"name":"wp","href":"https:\/\/api.w.org\/{rel}","templated":true}]}}