{"id":3565,"date":"2022-03-08T13:24:01","date_gmt":"2022-03-08T13:24:01","guid":{"rendered":"https:\/\/chalet.qodeinteractive.com\/?page_id=3565"},"modified":"2023-09-26T17:32:28","modified_gmt":"2023-09-26T17:32:28","slug":"contact","status":"publish","type":"page","link":"https:\/\/mexplorer-dmc.com\/it\/contatto\/","title":{"rendered":"Contatto"},"content":{"rendered":"<div data-elementor-type=\"wp-page\" data-elementor-id=\"3565\" class=\"elementor elementor-3565\">\n\t\t\t\t\t\t\t\t\t<section class=\"elementor-section elementor-top-section elementor-element elementor-element-06c6560 elementor-section-full_width elementor-section-height-default elementor-section-height-default qodef-elementor-content-no\" data-id=\"06c6560\" data-element_type=\"section\" data-settings=\"{&quot;background_background&quot;:&quot;classic&quot;}\">\n\t\t\t\t\t\t<div class=\"elementor-container elementor-column-gap-no\">\n\t\t\t\t\t<div class=\"elementor-column elementor-col-100 elementor-top-column elementor-element elementor-element-b2b3f26\" data-id=\"b2b3f26\" data-element_type=\"column\">\n\t\t\t<div class=\"elementor-widget-wrap elementor-element-populated\">\n\t\t\t\t\t\t\t\t<div class=\"elementor-element elementor-element-f4ba68e elementor-widget elementor-widget-chalet_core_google_map\" data-id=\"f4ba68e\" data-element_type=\"widget\" data-widget_type=\"chalet_core_google_map.default\">\n\t\t\t\t<div class=\"elementor-widget-container\">\n\t\t\t<div class=\"qodef-shortcode qodef-m  qodef-google-map\">\n\t<div class=\"qodef-m-map\" id=\"qodef-map-id--317\" data-addresses='[\"C. 20 98b, Itzimn\u00e1, 97100 M\u00e9rida, Yucatan\"]' data-pin=\"https:\/\/mexplorer-dmc.com\/wp-content\/plugins\/chalet-core\/inc\/maps\/assets\/img\/pin.png\" data-unique-id=\"317\" data-height=\"600\"><\/div>\n<\/div>\n\t\t<\/div>\n\t\t\t\t<\/div>\n\t\t\t\t<div class=\"elementor-element elementor-element-c391592 elementor-widget elementor-widget-google_maps\" data-id=\"c391592\" data-element_type=\"widget\" data-widget_type=\"google_maps.default\">\n\t\t\t\t<div class=\"elementor-widget-container\">\n\t\t\t<style>\/*! elementor - v3.18.0 - 20-12-2023 *\/\n.elementor-widget-google_maps .elementor-widget-container{overflow:hidden}.elementor-widget-google_maps .elementor-custom-embed{line-height:0}.elementor-widget-google_maps iframe{height:300px}<\/style>\t\t<div class=\"elementor-custom-embed\">\n\t\t\t<iframe loading=\"lazy\"\n\t\t\t\t\tsrc=\"https:\/\/maps.google.com\/maps?q=C.%2020%2098b%2C%20Itzimn%C3%A1%2C%2097100%20M%C3%A9rida%2C%20Yuc.&#038;t=m&#038;z=14&#038;output=embed&#038;iwloc=near\"\n\t\t\t\t\ttitle=\"C. 20 98b, Itzimn\u00e1, 97100 M\u00e9rida, Yuc.\"\n\t\t\t\t\taria-label=\"C. 20 98b, Itzimn\u00e1, 97100 M\u00e9rida, Yuc.\"\n\t\t\t><\/iframe>\n\t\t<\/div>\n\t\t\t\t<\/div>\n\t\t\t\t<\/div>\n\t\t\t\t\t<\/div>\n\t\t<\/div>\n\t\t\t\t\t\t\t<\/div>\n\t\t<\/section>\n\t\t\t\t<section class=\"elementor-section elementor-top-section elementor-element elementor-element-abf64f8 elementor-section-full_width qodef-elementor-content-grid elementor-section-height-default elementor-section-height-default\" data-id=\"abf64f8\" data-element_type=\"section\">\n\t\t\t\t\t\t<div class=\"elementor-container elementor-column-gap-default\">\n\t\t\t\t\t<div class=\"elementor-column elementor-col-50 elementor-top-column elementor-element elementor-element-e8d8ec6\" data-id=\"e8d8ec6\" data-element_type=\"column\">\n\t\t\t<div class=\"elementor-widget-wrap elementor-element-populated\">\n\t\t\t\t\t\t\t\t<div class=\"elementor-element elementor-element-566764f elementor-widget elementor-widget-text-editor\" data-id=\"566764f\" data-element_type=\"widget\" data-widget_type=\"text-editor.default\">\n\t\t\t\t<div class=\"elementor-widget-container\">\n\t\t\t<style>\/*! elementor - v3.18.0 - 20-12-2023 *\/\n.elementor-widget-text-editor.elementor-drop-cap-view-stacked .elementor-drop-cap{background-color:#69727d;color:#fff}.elementor-widget-text-editor.elementor-drop-cap-view-framed .elementor-drop-cap{color:#69727d;border:3px solid;background-color:transparent}.elementor-widget-text-editor:not(.elementor-drop-cap-view-default) .elementor-drop-cap{margin-top:8px}.elementor-widget-text-editor:not(.elementor-drop-cap-view-default) .elementor-drop-cap-letter{width:1em;height:1em}.elementor-widget-text-editor .elementor-drop-cap{float:left;text-align:center;line-height:1;font-size:50px}.elementor-widget-text-editor .elementor-drop-cap-letter{display:inline-block}<\/style>\t\t\t\t<h4>Prenota il tuo viaggio <br \/>con noi<\/h4>\t\t\t\t\t\t<\/div>\n\t\t\t\t<\/div>\n\t\t\t\t<div class=\"elementor-element elementor-element-94f94b6 elementor-widget elementor-widget-text-editor\" data-id=\"94f94b6\" data-element_type=\"widget\" data-widget_type=\"text-editor.default\">\n\t\t\t\t<div class=\"elementor-widget-container\">\n\t\t\t\t\t\t\t<h5>Contatto<\/h5>\t\t\t\t\t\t<\/div>\n\t\t\t\t<\/div>\n\t\t\t\t<div class=\"elementor-element elementor-element-111a3a8 elementor-widget elementor-widget-text-editor\" data-id=\"111a3a8\" data-element_type=\"widget\" data-widget_type=\"text-editor.default\">\n\t\t\t\t<div class=\"elementor-widget-container\">\n\t\t\t\t\t\t\t<p>Adresse: <br \/><a href=\"https:\/\/www.google.com\/maps\/place\/Mexplorer+DMC\/@20.9947797,-89.6105188,15z\/data=!4m14!1m7!3m6!1s0x8f5676ab614b7705:0x8b46b75451cb6fd1!2sMexplorer+DMC!8m2!3d20.9947797!4d-89.6105188!16s%2Fg%2F11bxjm06cv!3m5!1s0x8f5676ab614b7705:0x8b46b75451cb6fd1!8m2!3d20.9947797!4d-89.6105188!16s%2Fg%2F11bxjm06cv\">Calle 20 N\u00ba98a Int.1, <\/a>Colonia Itzimn\u00e1,<br \/>97100 M\u00e9rida, Yucatan MEXIQUE<\/p>\t\t\t\t\t\t<\/div>\n\t\t\t\t<\/div>\n\t\t\t\t<div class=\"elementor-element elementor-element-8e8c734 elementor-widget elementor-widget-text-editor\" data-id=\"8e8c734\" data-element_type=\"widget\" data-widget_type=\"text-editor.default\">\n\t\t\t\t<div class=\"elementor-widget-container\">\n\t\t\t\t\t\t\t<p>T\u00e9lephone: <a href=\"tel: 529999260039\">+52 999 926 00 39<\/a><\/p><p>What&rsquo;sApp: <a href=\"https:\/\/wa.me\/+529992804817\" data-wplink-edit=\"true\">+52 999 280 48 17<\/a><\/p>\t\t\t\t\t\t<\/div>\n\t\t\t\t<\/div>\n\t\t\t\t<div class=\"elementor-element elementor-element-ada412c elementor-widget elementor-widget-text-editor\" data-id=\"ada412c\" data-element_type=\"widget\" data-widget_type=\"text-editor.default\">\n\t\t\t\t<div class=\"elementor-widget-container\">\n\t\t\t\t\t\t\t<p>App: <a href=\"https:\/\/www.whatsapp.com\/\" target=\"_blank\" rel=\"nofollow noopener\">WhatsApp<\/a><\/p>\t\t\t\t\t\t<\/div>\n\t\t\t\t<\/div>\n\t\t\t\t<div class=\"elementor-element elementor-element-fa55962 elementor-widget elementor-widget-text-editor\" data-id=\"fa55962\" data-element_type=\"widget\" data-widget_type=\"text-editor.default\">\n\t\t\t\t<div class=\"elementor-widget-container\">\n\t\t\t\t\t\t\t<p>Email: <a href=\"mailto:example@qodeinteractive.com\">contact@mexplorer-dmc.com<\/a><\/p>\t\t\t\t\t\t<\/div>\n\t\t\t\t<\/div>\n\t\t\t\t<div class=\"elementor-element elementor-element-1b64800 elementor-widget__width-auto elementor-widget elementor-widget-chalet_core_icon\" data-id=\"1b64800\" data-element_type=\"widget\" data-widget_type=\"chalet_core_icon.default\">\n\t\t\t\t<div class=\"elementor-widget-container\">\n\t\t\t<span class=\"qodef-shortcode qodef-m  qodef-icon-holder qodef-size--default qodef-layout--normal\" data-hover-color=\"#7A7875\" >\n\t\t\t<a itemprop=\"url\" href=\"https:\/\/www.instagram.com\/mexplorerdmc\/\" target=\"_blank\">\n\t\t\t<span class=\"qodef-icon-simple-line-icons icon-social-instagram qodef-icon qodef-e\" style=\"color: #0E150E;font-size: 19px\" ><\/span>\t\t\t<\/a>\n\t<\/span>\n\t\t<\/div>\n\t\t\t\t<\/div>\n\t\t\t\t<div class=\"elementor-element elementor-element-f77e230 elementor-widget__width-auto elementor-widget elementor-widget-chalet_core_icon\" data-id=\"f77e230\" data-element_type=\"widget\" data-widget_type=\"chalet_core_icon.default\">\n\t\t\t\t<div class=\"elementor-widget-container\">\n\t\t\t<span class=\"qodef-shortcode qodef-m  qodef-icon-holder qodef-size--default qodef-layout--normal\" data-hover-color=\"#7A7875\" >\n\t\t\t<a itemprop=\"url\" href=\"https:\/\/www.facebook.com\/mexplorerdmc\/\" target=\"_blank\">\n\t\t\t<span class=\"qodef-icon-simple-line-icons icon-social-facebook qodef-icon qodef-e\" style=\"color: #0E150E;font-size: 19px\" ><\/span>\t\t\t<\/a>\n\t<\/span>\n\t\t<\/div>\n\t\t\t\t<\/div>\n\t\t\t\t<div class=\"elementor-element elementor-element-2cef8b0 elementor-widget__width-auto elementor-widget elementor-widget-chalet_core_icon\" data-id=\"2cef8b0\" data-element_type=\"widget\" data-widget_type=\"chalet_core_icon.default\">\n\t\t\t\t<div class=\"elementor-widget-container\">\n\t\t\t<span class=\"qodef-shortcode qodef-m  qodef-icon-holder qodef-size--default qodef-layout--normal\" data-hover-color=\"#7A7875\" >\n\t\t\t<a itemprop=\"url\" href=\"https:\/\/mx.linkedin.com\/company\/mexplorer-dmc\" target=\"_blank\">\n\t\t\t<span class=\"qodef-icon-simple-line-icons icon-social-linkedin qodef-icon qodef-e\" style=\"color: #0E150E;font-size: 20px\" ><\/span>\t\t\t<\/a>\n\t<\/span>\n\t\t<\/div>\n\t\t\t\t<\/div>\n\t\t\t\t<div class=\"elementor-element elementor-element-f8df356 elementor-widget__width-auto elementor-widget elementor-widget-chalet_core_icon\" data-id=\"f8df356\" data-element_type=\"widget\" data-widget_type=\"chalet_core_icon.default\">\n\t\t\t\t<div class=\"elementor-widget-container\">\n\t\t\t<span class=\"qodef-shortcode qodef-m  qodef-icon-holder qodef-size--default qodef-layout--normal\" data-hover-color=\"#7A7875\" >\n\t\t\t<a itemprop=\"url\" href=\"https:\/\/wa.me\/+529992804817\" target=\"_blank\">\n\t\t\t<span class=\"qodef-icon-font-awesome fab fa-whatsapp qodef-icon qodef-e\" style=\"color: #0E150E;font-size: 20px\" ><\/span>\t\t\t<\/a>\n\t<\/span>\n\t\t<\/div>\n\t\t\t\t<\/div>\n\t\t\t\t\t<\/div>\n\t\t<\/div>\n\t\t\t\t<div class=\"elementor-column elementor-col-50 elementor-top-column elementor-element elementor-element-2ec552d\" data-id=\"2ec552d\" data-element_type=\"column\">\n\t\t\t<div class=\"elementor-widget-wrap elementor-element-populated\">\n\t\t\t\t\t\t\t\t<div class=\"elementor-element elementor-element-4178a89 elementor-widget elementor-widget-wp-widget-chalet_core_contact_form_7\" data-id=\"4178a89\" data-element_type=\"widget\" data-widget_type=\"wp-widget-chalet_core_contact_form_7.default\">\n\t\t\t\t<div class=\"elementor-widget-container\">\n\t\t\t<h5>Scrivici a<\/h5>\t\t\t<div class=\"qodef-contact-form-7\">\n\t\t\t\t\n<div class=\"wpcf7 no-js\" id=\"wpcf7-f13-o1\" lang=\"en-US\" dir=\"ltr\" data-wpcf7-id=\"13\">\n<div class=\"screen-reader-response\"><p role=\"status\" aria-live=\"polite\" aria-atomic=\"true\"><\/p> <ul><\/ul><\/div>\n<form action=\"\/it\/wp-json\/wp\/v2\/pages\/3565#wpcf7-f13-o1\" method=\"post\" class=\"wpcf7-form init\" aria-label=\"Contact form\" novalidate=\"novalidate\" data-status=\"init\" data-trp-original-action=\"\/it\/wp-json\/wp\/v2\/pages\/3565#wpcf7-f13-o1\">\n<fieldset class=\"hidden-fields-container\"><input type=\"hidden\" name=\"_wpcf7\" value=\"13\" \/><input type=\"hidden\" name=\"_wpcf7_version\" value=\"6.1.5\" \/><input type=\"hidden\" name=\"_wpcf7_locale\" value=\"en_US\" \/><input type=\"hidden\" name=\"_wpcf7_unit_tag\" value=\"wpcf7-f13-o1\" \/><input type=\"hidden\" name=\"_wpcf7_container_post\" value=\"0\" \/><input type=\"hidden\" name=\"_wpcf7_posted_data_hash\" value=\"\" \/>\n<\/fieldset>\n<label> Nome e cognome\n    <span class=\"wpcf7-form-control-wrap\" data-name=\"your-name\"><input size=\"40\" maxlength=\"400\" class=\"wpcf7-form-control wpcf7-text wpcf7-validates-as-required\" autocomplete=\"name\" aria-required=\"true\" aria-invalid=\"false\" value=\"\" type=\"text\" name=\"your-name\" \/><\/span> <\/label>\n\n<label> Il tuo indirizzo e-mail\n    <span class=\"wpcf7-form-control-wrap\" data-name=\"your-email\"><input size=\"40\" maxlength=\"400\" class=\"wpcf7-form-control wpcf7-email wpcf7-validates-as-required wpcf7-text wpcf7-validates-as-email\" autocomplete=\"email\" aria-required=\"true\" aria-invalid=\"false\" value=\"\" type=\"email\" name=\"your-email\" \/><\/span> <\/label>\n\n<label> Oggetto\n    <span class=\"wpcf7-form-control-wrap\" data-name=\"your-subject\"><input size=\"40\" maxlength=\"400\" class=\"wpcf7-form-control wpcf7-text wpcf7-validates-as-required\" aria-required=\"true\" aria-invalid=\"false\" value=\"\" type=\"text\" name=\"your-subject\" \/><\/span> <\/label>\n\n<label> Messaggio\n    <span class=\"wpcf7-form-control-wrap\" data-name=\"your-message\"><textarea cols=\"40\" rows=\"10\" maxlength=\"2000\" class=\"wpcf7-form-control wpcf7-textarea\" aria-invalid=\"false\" name=\"your-message\"><\/textarea><\/span> <\/label>\n\n<button class=\"wpcf7-form-control wpcf7-submit qodef-button qodef-layout--textual qodef-m\" type=\"submit\"><span class=\"qodef-m-text\">INVIA<\/span><span class=\"qodef-m-icon\"><svg class=\"qodef-svg--button-arrow\" xmlns=\"http:\/\/www.w3.org\/2000\/svg\" width=\"23\" viewbox=\"0 0 22.976 11.969\"><path d=\"m16.469.527 5.447 5.516-5.447 5.392\"><\/path><g><path d=\"M0 5.974h21.5\"><\/path><\/g><g><path d=\"M0 5.974h21.5\"><\/path><\/g><\/svg><\/span><\/button><div class=\"wpcf7-response-output\" aria-hidden=\"true\"><\/div>\n<input type=\"hidden\" name=\"trp-form-language\" value=\"it\"\/><\/form>\n<\/div>\n\t\t\t<\/div>\n\t\t\t\t\t<\/div>\n\t\t\t\t<\/div>\n\t\t\t\t\t<\/div>\n\t\t<\/div>\n\t\t\t\t\t\t\t<\/div>\n\t\t<\/section>\n\t\t\t\t<section class=\"elementor-section elementor-top-section elementor-element elementor-element-957429c elementor-section-full_width qodef-elementor-content-grid elementor-section-height-default elementor-section-height-default\" data-id=\"957429c\" data-element_type=\"section\" data-settings=\"{&quot;background_background&quot;:&quot;classic&quot;}\">\n\t\t\t\t\t\t<div class=\"elementor-container elementor-column-gap-default\">\n\t\t\t\t\t<div class=\"elementor-column elementor-col-50 elementor-top-column elementor-element elementor-element-09cc85d\" data-id=\"09cc85d\" data-element_type=\"column\">\n\t\t\t<div class=\"elementor-widget-wrap elementor-element-populated\">\n\t\t\t\t\t\t\t\t<div class=\"elementor-element elementor-element-23e6fbc elementor-widget elementor-widget-text-editor\" data-id=\"23e6fbc\" data-element_type=\"widget\" data-widget_type=\"text-editor.default\">\n\t\t\t\t<div class=\"elementor-widget-container\">\n\t\t\t\t\t\t\t<h3>Iscrivetevi alla nostra newsletter per ricevere le nostre ultime offerte.<\/h3>\t\t\t\t\t\t<\/div>\n\t\t\t\t<\/div>\n\t\t\t\t\t<\/div>\n\t\t<\/div>\n\t\t\t\t<div class=\"elementor-column elementor-col-50 elementor-top-column elementor-element elementor-element-8d025a2\" data-id=\"8d025a2\" data-element_type=\"column\">\n\t\t\t<div class=\"elementor-widget-wrap elementor-element-populated\">\n\t\t\t\t\t\t\t\t<div class=\"elementor-element elementor-element-8894a6a elementor-widget elementor-widget-wp-widget-chalet_core_contact_form_7\" data-id=\"8894a6a\" data-element_type=\"widget\" data-widget_type=\"wp-widget-chalet_core_contact_form_7.default\">\n\t\t\t\t<div class=\"elementor-widget-container\">\n\t\t\t\t\t\t<div class=\"qodef-contact-form-7\">\n\t\t\t\t\n<div class=\"wpcf7 no-js\" id=\"wpcf7-f719-o2\" lang=\"en-US\" dir=\"ltr\" data-wpcf7-id=\"719\">\n<div class=\"screen-reader-response\"><p role=\"status\" aria-live=\"polite\" aria-atomic=\"true\"><\/p> <ul><\/ul><\/div>\n<form action=\"\/it\/wp-json\/wp\/v2\/pages\/3565#wpcf7-f719-o2\" method=\"post\" class=\"wpcf7-form init\" aria-label=\"Contact form\" novalidate=\"novalidate\" data-status=\"init\" data-trp-original-action=\"\/it\/wp-json\/wp\/v2\/pages\/3565#wpcf7-f719-o2\">\n<fieldset class=\"hidden-fields-container\"><input type=\"hidden\" name=\"_wpcf7\" value=\"719\" \/><input type=\"hidden\" name=\"_wpcf7_version\" value=\"6.1.5\" \/><input type=\"hidden\" name=\"_wpcf7_locale\" value=\"en_US\" \/><input type=\"hidden\" name=\"_wpcf7_unit_tag\" value=\"wpcf7-f719-o2\" \/><input type=\"hidden\" name=\"_wpcf7_container_post\" value=\"0\" \/><input type=\"hidden\" name=\"_wpcf7_posted_data_hash\" value=\"\" \/>\n<\/fieldset>\n<div class=\"qodef-newsletter-form-style\"><span class=\"wpcf7-form-control-wrap\" data-name=\"your-email\"><input size=\"40\" maxlength=\"400\" class=\"wpcf7-form-control wpcf7-email wpcf7-validates-as-required wpcf7-text wpcf7-validates-as-email\" aria-required=\"true\" aria-invalid=\"false\" placeholder=\"contact@email.com\" value=\"\" type=\"email\" name=\"your-email\" \/><\/span><button class=\"wpcf7-form-control wpcf7-submit qodef-button qodef-layout--textual qodef-m\" type=\"submit\"><span class=\"qodef-m-text\">Send<\/span><span class=\"qodef-m-icon\"><svg class=\"qodef-svg--button-arrow\" xmlns=\"http:\/\/www.w3.org\/2000\/svg\" width=\"23\" viewbox=\"0 0 22.976 11.969\"><path d=\"m16.469.527 5.447 5.516-5.447 5.392\"><\/path><g><path d=\"M0 5.974h21.5\"><\/path><\/g><g><path d=\"M0 5.974h21.5\"><\/path><\/g><\/svg><\/span><\/button><\/div><div class=\"wpcf7-response-output\" aria-hidden=\"true\"><\/div>\n<input type=\"hidden\" name=\"trp-form-language\" value=\"it\"\/><\/form>\n<\/div>\n\t\t\t<\/div>\n\t\t\t\t\t<\/div>\n\t\t\t\t<\/div>\n\t\t\t\t\t<\/div>\n\t\t<\/div>\n\t\t\t\t\t\t\t<\/div>\n\t\t<\/section>\n\t\t\t\t<section class=\"elementor-section elementor-top-section elementor-element elementor-element-91a7cdf elementor-section-full_width elementor-section-height-default elementor-section-height-default qodef-elementor-content-no\" data-id=\"91a7cdf\" data-element_type=\"section\">\n\t\t\t\t\t\t<div class=\"elementor-container elementor-column-gap-no\">\n\t\t\t\t\t<div class=\"elementor-column elementor-col-100 elementor-top-column elementor-element elementor-element-cd27047\" data-id=\"cd27047\" data-element_type=\"column\">\n\t\t\t<div class=\"elementor-widget-wrap elementor-element-populated\">\n\t\t\t\t\t\t\t\t<div class=\"elementor-element elementor-element-f15bd91 elementor-widget elementor-widget-chalet_core_instagram_list\" data-id=\"f15bd91\" data-element_type=\"widget\" data-widget_type=\"chalet_core_instagram_list.default\">\n\t\t\t\t<div class=\"elementor-widget-container\">\n\t\t\t<div class=\"qodef-shortcode qodef-m  qodef-instagram-list qodef-instagram-columns\">\n\t<\/div>\n\t\t<\/div>\n\t\t\t\t<\/div>\n\t\t\t\t\t<\/div>\n\t\t<\/div>\n\t\t\t\t\t\t\t<\/div>\n\t\t<\/section>\n\t\t\t\t\t\t\t<\/div>","protected":false},"excerpt":{"rendered":"<p>Bookez votre voyage avec nous Contact Adresse: Calle 20 N\u00ba98a Int.1, Colonia Itzimn\u00e1,97100 M\u00e9rida, Yucatan MEXIQUE T\u00e9lephone: +52 999 926 00 39 What&rsquo;sApp: +52 999 280 48 17 App: WhatsApp Email: contact@mexplorer-dmc.com Abonnez-vous \u00e0 notre newsletter et recevez nos derni\u00e8res offres.<\/p>","protected":false},"author":1,"featured_media":0,"parent":0,"menu_order":0,"comment_status":"closed","ping_status":"closed","template":"page-full-width.php","meta":{"footnotes":""},"class_list":["post-3565","page","type-page","status-publish","hentry"],"_links":{"self":[{"href":"https:\/\/mexplorer-dmc.com\/it\/wp-json\/wp\/v2\/pages\/3565","targetHints":{"allow":["GET"]}}],"collection":[{"href":"https:\/\/mexplorer-dmc.com\/it\/wp-json\/wp\/v2\/pages"}],"about":[{"href":"https:\/\/mexplorer-dmc.com\/it\/wp-json\/wp\/v2\/types\/page"}],"author":[{"embeddable":true,"href":"https:\/\/mexplorer-dmc.com\/it\/wp-json\/wp\/v2\/users\/1"}],"replies":[{"embeddable":true,"href":"https:\/\/mexplorer-dmc.com\/it\/wp-json\/wp\/v2\/comments?post=3565"}],"version-history":[{"count":85,"href":"https:\/\/mexplorer-dmc.com\/it\/wp-json\/wp\/v2\/pages\/3565\/revisions"}],"predecessor-version":[{"id":9523,"href":"https:\/\/mexplorer-dmc.com\/it\/wp-json\/wp\/v2\/pages\/3565\/revisions\/9523"}],"wp:attachment":[{"href":"https:\/\/mexplorer-dmc.com\/it\/wp-json\/wp\/v2\/media?parent=3565"}],"curies":[{"name":"wp","href":"https:\/\/api.w.org\/{rel}","templated":true}]}}